{"id":4426,"date":"2021-02-18T14:50:31","date_gmt":"2021-02-18T13:50:31","guid":{"rendered":"https:\/\/www.agv-online.de\/wordpress\/?page_id=4426"},"modified":"2023-08-15T13:38:02","modified_gmt":"2023-08-15T11:38:02","slug":"jobboerse","status":"publish","type":"page","link":"https:\/\/www.agv-online.de\/wordpress\/jobboerse\/","title":{"rendered":"Jobb\u00f6rse"},"content":{"rendered":"<div id='full_slider_1'  class='avia-fullwidth-slider main_color avia-shadow   avia-builder-el-0  el_before_av_section  avia-builder-el-first   container_wrap fullsize'  ><div  class='avia-slideshow av-kgluijzq-2b75a20c3149e429e5905838107ada4c avia-slideshow-no scaling av_slideshow_full avia-fade-slider av-slideshow-ui av-control-hidden av-no-slider-navigation av-hide-nav-arrows av-slideshow-autoplay av-loop-endless av-loop-manual-endless av-default-height-applied   avia-slideshow-1' data-slideshow-options=\"{&quot;animation&quot;:&quot;fade&quot;,&quot;autoplay&quot;:true,&quot;loop_autoplay&quot;:&quot;endless&quot;,&quot;interval&quot;:5,&quot;loop_manual&quot;:&quot;manual-endless&quot;,&quot;autoplay_stopper&quot;:false,&quot;noNavigation&quot;:true,&quot;bg_slider&quot;:false,&quot;keep_padding&quot;:false,&quot;hoverpause&quot;:false,&quot;show_slide_delay&quot;:0}\"  itemprop=\"image\" itemscope=\"itemscope\" itemtype=\"https:\/\/schema.org\/ImageObject\" ><ul class='avia-slideshow-inner ' style='padding-bottom: 21.25%;'><li  class='avia-slideshow-slide av-kgluijzq-2b75a20c3149e429e5905838107ada4c__0  av-single-slide slide-1 slide-odd'><div data-rel='slideshow-1' class='avia-slide-wrap '   ><img decoding=\"async\" fetchpriority=\"high\" class=\"wp-image-3254 avia-img-lazy-loading-not-3254\"  src=\"https:\/\/www.agv-online.de\/wordpress\/wp-content\/uploads\/Titelbild-Verband.jpg\" width=\"1920\" height=\"408\" title='Titelbild-Verband' alt=''  itemprop=\"thumbnailUrl\" srcset=\"https:\/\/www.agv-online.de\/wordpress\/wp-content\/uploads\/Titelbild-Verband.jpg 1920w, https:\/\/www.agv-online.de\/wordpress\/wp-content\/uploads\/Titelbild-Verband-300x64.jpg 300w, https:\/\/www.agv-online.de\/wordpress\/wp-content\/uploads\/Titelbild-Verband-1030x219.jpg 1030w, https:\/\/www.agv-online.de\/wordpress\/wp-content\/uploads\/Titelbild-Verband-768x163.jpg 768w, https:\/\/www.agv-online.de\/wordpress\/wp-content\/uploads\/Titelbild-Verband-1536x326.jpg 1536w, https:\/\/www.agv-online.de\/wordpress\/wp-content\/uploads\/Titelbild-Verband-1500x319.jpg 1500w, https:\/\/www.agv-online.de\/wordpress\/wp-content\/uploads\/Titelbild-Verband-705x150.jpg 705w\" sizes=\"(max-width: 1920px) 100vw, 1920px\" \/><\/div><\/li><\/ul><\/div><\/div>\n\n<style type=\"text\/css\" data-created_by=\"avia_inline_auto\" id=\"style-css-av-khnxyzm0-45d10ac42093bbfd4a762c725bba7723\">\n.avia-section.av-khnxyzm0-45d10ac42093bbfd4a762c725bba7723{\nbackground-color:#3088c4;\nbackground-image:unset;\nmargin-top:20px;\nmargin-bottom:0px;\n}\n<\/style>\n<div id='av_section_1'  class='avia-section av-khnxyzm0-45d10ac42093bbfd4a762c725bba7723 main_color avia-section-default avia-no-border-styling  avia-builder-el-1  el_after_av_slideshow_full  el_before_av_one_third  avia-bg-style-scroll container_wrap fullsize'  ><div class='container av-section-cont-open' ><div class='template-page content  av-content-full alpha units'><div class='post-entry post-entry-type-page post-entry-4426'><div class='entry-content-wrapper clearfix'>\n\n<style type=\"text\/css\" data-created_by=\"avia_inline_auto\" id=\"style-css-av-klax017i-dfb27123bd80015c12974b4aecede24d\">\n#top .av-special-heading.av-klax017i-dfb27123bd80015c12974b4aecede24d{\npadding-bottom:10px;\ncolor:#ffffff;\n}\nbody .av-special-heading.av-klax017i-dfb27123bd80015c12974b4aecede24d .av-special-heading-tag .heading-char{\nfont-size:25px;\n}\n.av-special-heading.av-klax017i-dfb27123bd80015c12974b4aecede24d .special-heading-inner-border{\nborder-color:#ffffff;\n}\n.av-special-heading.av-klax017i-dfb27123bd80015c12974b4aecede24d .av-subheading{\nfont-size:15px;\n}\n<\/style>\n<div  class='av-special-heading av-klax017i-dfb27123bd80015c12974b4aecede24d av-special-heading-h1 custom-color-heading  avia-builder-el-2  avia-builder-el-no-sibling '><h1 class='av-special-heading-tag '  itemprop=\"headline\"  >Jobb\u00f6rse<\/h1><div class=\"special-heading-border\"><div class=\"special-heading-inner-border\"><\/div><\/div><\/div>\n<\/div><\/div><\/div><!-- close content main div --><\/div><\/div><div id='after_section_1'  class='main_color av_default_container_wrap container_wrap fullsize'  ><div class='container av-section-cont-open' ><div class='template-page content  av-content-full alpha units'><div class='post-entry post-entry-type-page post-entry-4426'><div class='entry-content-wrapper clearfix'>\n\n<style type=\"text\/css\" data-created_by=\"avia_inline_auto\" id=\"style-css-av-8luh8x-504da6f0e0a4c87dc98fff1f911ad9e6\">\n.flex_column.av-8luh8x-504da6f0e0a4c87dc98fff1f911ad9e6{\nborder-radius:0px 0px 0px 0px;\npadding:0px 0px 0px 0px;\n}\n<\/style>\n<div  class='flex_column av-8luh8x-504da6f0e0a4c87dc98fff1f911ad9e6 av_one_third  avia-builder-el-3  el_after_av_section  el_before_av_two_third  avia-builder-el-first  first flex_column_div av-zero-column-padding  '     ><section  class='av_textblock_section av-2ze0w5-392b2dc970300ab0a90a6ddc452f158b '   itemscope=\"itemscope\" itemtype=\"https:\/\/schema.org\/CreativeWork\" ><div class='avia_textblock'  itemprop=\"text\" ><p>Bitte kontaktieren Sie f\u00fcr diesen Dienst unsere Gesch\u00e4ftsstelle:<\/p>\n<p><strong>Arbeitgeberverband der Deutschen<\/strong><br \/>\n<strong> Immobilienwirtschaft e.V.<\/strong><br \/>\nPeter-M\u00fcller-Str. 16<br \/>\n40468 D\u00fcsseldorf<\/p>\n<p>Tel: <a href=\"tel:0211961350\">0211 961350<\/a><br \/>\nFax: 0211 96135-19<br \/>\nE-Mail: <a href=\"mailto:kontakt@agv-online.de\">kontakt@agv-online.de<\/a><\/p>\n<\/div><\/section><\/div>\n\n<style type=\"text\/css\" data-created_by=\"avia_inline_auto\" id=\"style-css-av-6yezn5-c73137bd37cacfeb0c1f17328b30a8f7\">\n.flex_column.av-6yezn5-c73137bd37cacfeb0c1f17328b30a8f7{\nborder-radius:0px 0px 0px 0px;\npadding:0px 0px 0px 0px;\n}\n<\/style>\n<div  class='flex_column av-6yezn5-c73137bd37cacfeb0c1f17328b30a8f7 av_two_third  avia-builder-el-5  el_after_av_one_third  avia-builder-el-last  flex_column_div av-zero-column-padding  '     ><section  class='av_textblock_section av-kgrn30fr-12eb7a9a0a7f1bdac6e583d15f2f9ea4 '   itemscope=\"itemscope\" itemtype=\"https:\/\/schema.org\/CreativeWork\" ><div class='avia_textblock'  itemprop=\"text\" ><h2>Stellenanzeigen zum Herunterladen<\/h2>\n<\/div><\/section><br \/>\n\n<style type=\"text\/css\" data-created_by=\"avia_inline_auto\" id=\"style-css-av-klaqg6lq-786a0843934798dbd6915622e4ebeada\">\n#top .hr.av-klaqg6lq-786a0843934798dbd6915622e4ebeada{\nmargin-top:10px;\nmargin-bottom:10px;\n}\n.hr.av-klaqg6lq-786a0843934798dbd6915622e4ebeada .hr-inner{\nwidth:100%;\nborder-color:#757575;\n}\n<\/style>\n<div  class='hr av-klaqg6lq-786a0843934798dbd6915622e4ebeada hr-custom  avia-builder-el-7  el_after_av_textblock  el_before_av_textblock  hr-center hr-icon-no'><span class='hr-inner inner-border-av-border-thin'><span class=\"hr-inner-style\"><\/span><\/span><\/div><br \/>\n<section  class='av_textblock_section av-kgrn30fr-2-fdf5431b47b90a906bc1271a99db967a '   itemscope=\"itemscope\" itemtype=\"https:\/\/schema.org\/CreativeWork\" ><div class='avia_textblock'  itemprop=\"text\" ><p style=\"text-align: justify;\">Die Wilhelm Sander-Stiftung ist eine der gr\u00f6\u00dften privaten Stiftungen Deutschlands &#8211; und eine der wichtigsten im Bereich der Medizin. Als gemeinn\u00fctzige Stiftung hat sie seit ihrer Errichtung 197 4 rund 275 Mio. \u20ac f\u00fcr medizinische Forschungsf\u00f6rderung bewilligt. Die F\u00f6rdermittel stammen aus einem vom Stifter hinterlassenen Verm\u00f6gen, das \u00fcberwiegend aus Immobilien besteht.<\/p>\n<p style=\"text-align: center;\">Ab dem 1. Januar 2024 suchen wir in Teilzeit (nach Vereinbarung) f\u00fcr bis zu 25 Wochenstunden idealerweise<\/p>\n<p style=\"text-align: center;\">\n<p style=\"text-align: center;\">\n<hr \/>\n<\/div><\/section><br \/>\n\n<style type=\"text\/css\" data-created_by=\"avia_inline_auto\" id=\"style-css-av-klaxjlvd-afc03244cb14775dee4172cbe7b06b7b\">\n.iconbox.av-klaxjlvd-afc03244cb14775dee4172cbe7b06b7b .iconbox_icon{\ncolor:#3088c4;\n}\n.iconbox.av-klaxjlvd-afc03244cb14775dee4172cbe7b06b7b .iconbox_icon.avia-svg-icon svg:first-child{\nfill:#3088c4;\nstroke:#3088c4;\n}\n#top #wrap_all .iconbox.av-klaxjlvd-afc03244cb14775dee4172cbe7b06b7b .iconbox_content_title{\ncolor:#3088c4;\n}\n<\/style>\n<article  class='iconbox iconbox_left_content av-klaxjlvd-afc03244cb14775dee4172cbe7b06b7b av-icon-style-no-border  avia-builder-el-9  el_after_av_textblock  el_before_av_hr '  itemscope=\"itemscope\" itemtype=\"https:\/\/schema.org\/CreativeWork\" ><a href='https:\/\/www.agv-online.de\/wordpress\/wp-content\/uploads\/Immobilienkauffrau.pdf' title='eine(n) Immobilienkauffrau\/mann (m\/w\/d) ' aria-label='eine(n) Immobilienkauffrau\/mann (m\/w\/d) '  target=\"_blank\"  rel=\"noopener noreferrer\" class='iconbox_icon heading-color avia-iconfont avia-font-entypo-fontello' data-av_icon='\ue84b' data-av_iconfont='entypo-fontello' title=\"eine(n) Immobilienkauffrau\/mann (m\/w\/d) \" desc=\"eine(n) Immobilienkauffrau\/mann (m\/w\/d) \" ><\/a><div class=\"iconbox_content\"><header class=\"entry-content-header\" aria-label=\"Icon: eine(n) Immobilienkauffrau\/mann (m\/w\/d) \"><h3 class='iconbox_content_title '  itemprop=\"headline\" ><a href='https:\/\/www.agv-online.de\/wordpress\/wp-content\/uploads\/Immobilienkauffrau.pdf' title='eine(n) Immobilienkauffrau\/mann (m\/w\/d) '  target=\"_blank\"  rel=\"noopener noreferrer\">eine(n) Immobilienkauffrau\/mann (m\/w\/d) <\/a><\/h3><\/header><div class='iconbox_content_container '  itemprop=\"text\" ><p>als Sachbearbeiter(in) f\u00fcr die Haus-und Immobilienverwaltung. Die T\u00e4tigkeit wird in unserem B\u00fcro in Leverkusen &#8211; Schlebusch ausge\u00fcbt.<\/p>\n<\/div><\/div><footer class=\"entry-footer\"><\/footer><\/article><br \/>\n\n<style type=\"text\/css\" data-created_by=\"avia_inline_auto\" id=\"style-css-av-7j9tru-c38e651cd3335814f9a2c8f572877d76\">\n#top .hr.av-7j9tru-c38e651cd3335814f9a2c8f572877d76{\nmargin-top:10px;\nmargin-bottom:10px;\n}\n.hr.av-7j9tru-c38e651cd3335814f9a2c8f572877d76 .hr-inner{\nwidth:100%;\nborder-color:#757575;\n}\n<\/style>\n<div  class='hr av-7j9tru-c38e651cd3335814f9a2c8f572877d76 hr-custom  avia-builder-el-10  el_after_av_icon_box  el_before_av_textblock  hr-center hr-icon-no'><span class='hr-inner inner-border-av-border-thin'><span class=\"hr-inner-style\"><\/span><\/span><\/div><br \/>\n<section  class='av_textblock_section av-ll3kbcq5-447502ca654eeae2ed5f2a0c0db3fc9e '   itemscope=\"itemscope\" itemtype=\"https:\/\/schema.org\/CreativeWork\" ><div class='avia_textblock'  itemprop=\"text\" ><p style=\"text-align: justify;\">Die Wilhelm Sander Stiftung wurde im Jahr 1975 aus dem Nachlass des verstorbenen Fabrikanten Wilhelm Sander gegr\u00fcndet. Seit 1975 wurden rund 275 Mio. Euro f\u00fcr die F\u00f6rderung.von medizinischer Forschung insbesondere der Krebsbek\u00e4mpfung ausbezahlt. Die Stiftung hat einen umfangreichen Immobilienbesitz in M\u00fcnchen, Leverkusen, K\u00f6ln und D\u00fcsseldorf.<\/p>\n<p style=\"text-align: center;\">\nWir suchen zum 1.11.2023 f\u00fcr 37 Wochenstunden<\/p>\n<p style=\"text-align: center;\">\n<hr \/>\n<\/div><\/section><br \/>\n\n<style type=\"text\/css\" data-created_by=\"avia_inline_auto\" id=\"style-css-av-ll3kezjl-03b3081d747ddcbdc98ce15243ea4767\">\n.iconbox.av-ll3kezjl-03b3081d747ddcbdc98ce15243ea4767 .iconbox_icon{\ncolor:#3088c4;\n}\n.iconbox.av-ll3kezjl-03b3081d747ddcbdc98ce15243ea4767 .iconbox_icon.avia-svg-icon svg:first-child{\nfill:#3088c4;\nstroke:#3088c4;\n}\n#top #wrap_all .iconbox.av-ll3kezjl-03b3081d747ddcbdc98ce15243ea4767 .iconbox_content_title{\ncolor:#3088c4;\n}\n<\/style>\n<article  class='iconbox iconbox_left_content av-ll3kezjl-03b3081d747ddcbdc98ce15243ea4767 av-icon-style-no-border  avia-builder-el-12  el_after_av_textblock  el_before_av_hr '  itemscope=\"itemscope\" itemtype=\"https:\/\/schema.org\/CreativeWork\" ><a href='https:\/\/www.agv-online.de\/wordpress\/wp-content\/uploads\/Hausmeister_Technik.pdf' title='eine(n) Hausmeister*in\/Techniker*in (w\/m\/d) ' aria-label='eine(n) Hausmeister*in\/Techniker*in (w\/m\/d) '  target=\"_blank\"  rel=\"noopener noreferrer\" class='iconbox_icon heading-color avia-iconfont avia-font-entypo-fontello' data-av_icon='\ue84b' data-av_iconfont='entypo-fontello' title=\"eine(n) Hausmeister*in\/Techniker*in (w\/m\/d) \" desc=\"eine(n) Hausmeister*in\/Techniker*in (w\/m\/d) \" ><\/a><div class=\"iconbox_content\"><header class=\"entry-content-header\" aria-label=\"Icon: eine(n) Hausmeister*in\/Techniker*in (w\/m\/d) \"><h3 class='iconbox_content_title '  itemprop=\"headline\" ><a href='https:\/\/www.agv-online.de\/wordpress\/wp-content\/uploads\/Hausmeister_Technik.pdf' title='eine(n) Hausmeister*in\/Techniker*in (w\/m\/d) '  target=\"_blank\"  rel=\"noopener noreferrer\">eine(n) Hausmeister*in\/Techniker*in (w\/m\/d) <\/a><\/h3><\/header><div class='iconbox_content_container '  itemprop=\"text\" ><p style=\"text-align: justify;\">f\u00fcr unsere Wohnanlage in Leverkusen-Rheindorf. Die Leistungen der ausgeschriebenen Stelle umfassen die nachfolgend beschriebenen Hausmeistert\u00e4tigkeiten in der Wohnanlage in Rheindorf sowie die Unterst\u00fctzung unserer technischen Abteilung.<\/p>\n<\/div><\/div><footer class=\"entry-footer\"><\/footer><\/article><br \/>\n\n<style type=\"text\/css\" data-created_by=\"avia_inline_auto\" id=\"style-css-av-2nedoa-66d486c05d6534a90ab9155b61966944\">\n#top .hr.av-2nedoa-66d486c05d6534a90ab9155b61966944{\nmargin-top:10px;\nmargin-bottom:10px;\n}\n.hr.av-2nedoa-66d486c05d6534a90ab9155b61966944 .hr-inner{\nwidth:100%;\nborder-color:#757575;\n}\n<\/style>\n<div  class='hr av-2nedoa-66d486c05d6534a90ab9155b61966944 hr-custom  avia-builder-el-13  el_after_av_icon_box  avia-builder-el-last  hr-center hr-icon-no'><span class='hr-inner inner-border-av-border-thin'><span class=\"hr-inner-style\"><\/span><\/span><\/div><\/p><\/div>\n","protected":false},"excerpt":{"rendered":"","protected":false},"author":1,"featured_media":0,"parent":0,"menu_order":0,"comment_status":"closed","ping_status":"closed","template":"","meta":{"footnotes":""},"class_list":["post-4426","page","type-page","status-publish","hentry"],"_links":{"self":[{"href":"https:\/\/www.agv-online.de\/wordpress\/wp-json\/wp\/v2\/pages\/4426","targetHints":{"allow":["GET"]}}],"collection":[{"href":"https:\/\/www.agv-online.de\/wordpress\/wp-json\/wp\/v2\/pages"}],"about":[{"href":"https:\/\/www.agv-online.de\/wordpress\/wp-json\/wp\/v2\/types\/page"}],"author":[{"embeddable":true,"href":"https:\/\/www.agv-online.de\/wordpress\/wp-json\/wp\/v2\/users\/1"}],"replies":[{"embeddable":true,"href":"https:\/\/www.agv-online.de\/wordpress\/wp-json\/wp\/v2\/comments?post=4426"}],"version-history":[{"count":27,"href":"https:\/\/www.agv-online.de\/wordpress\/wp-json\/wp\/v2\/pages\/4426\/revisions"}],"predecessor-version":[{"id":6628,"href":"https:\/\/www.agv-online.de\/wordpress\/wp-json\/wp\/v2\/pages\/4426\/revisions\/6628"}],"wp:attachment":[{"href":"https:\/\/www.agv-online.de\/wordpress\/wp-json\/wp\/v2\/media?parent=4426"}],"curies":[{"name":"wp","href":"https:\/\/api.w.org\/{rel}","templated":true}]}}