{"id":3806,"date":"2020-12-09T13:51:11","date_gmt":"2020-12-09T12:51:11","guid":{"rendered":"https:\/\/www.agv-online.de\/wordpress\/?page_id=3806"},"modified":"2021-02-18T20:12:27","modified_gmt":"2021-02-18T19:12:27","slug":"mitgliederbereich-login","status":"publish","type":"page","link":"https:\/\/www.agv-online.de\/wordpress\/mitgliederbereich-login\/","title":{"rendered":"Mitgliederbereich-Login"},"content":{"rendered":"<div id='full_slider_1'  class='avia-fullwidth-slider main_color avia-shadow   avia-builder-el-0  el_before_av_section  avia-builder-el-first   container_wrap fullsize'  ><div  class='avia-slideshow av-kgluijzq-2b75a20c3149e429e5905838107ada4c avia-slideshow-no scaling av_slideshow_full avia-fade-slider av-slideshow-ui av-control-hidden av-no-slider-navigation av-hide-nav-arrows av-slideshow-autoplay av-loop-endless av-loop-manual-endless av-default-height-applied   avia-slideshow-1' data-slideshow-options=\"{&quot;animation&quot;:&quot;fade&quot;,&quot;autoplay&quot;:true,&quot;loop_autoplay&quot;:&quot;endless&quot;,&quot;interval&quot;:5,&quot;loop_manual&quot;:&quot;manual-endless&quot;,&quot;autoplay_stopper&quot;:false,&quot;noNavigation&quot;:true,&quot;bg_slider&quot;:false,&quot;keep_padding&quot;:false,&quot;hoverpause&quot;:false,&quot;show_slide_delay&quot;:0}\"  itemprop=\"image\" itemscope=\"itemscope\" itemtype=\"https:\/\/schema.org\/ImageObject\" ><ul class='avia-slideshow-inner ' style='padding-bottom: 21.25%;'><li  class='avia-slideshow-slide av-kgluijzq-2b75a20c3149e429e5905838107ada4c__0  av-single-slide slide-1 slide-odd'><div data-rel='slideshow-1' class='avia-slide-wrap '   ><img decoding=\"async\" fetchpriority=\"high\" class=\"wp-image-3254 avia-img-lazy-loading-not-3254\"  src=\"https:\/\/www.agv-online.de\/wordpress\/wp-content\/uploads\/Titelbild-Verband.jpg\" width=\"1920\" height=\"408\" title='Titelbild-Verband' alt=''  itemprop=\"thumbnailUrl\" srcset=\"https:\/\/www.agv-online.de\/wordpress\/wp-content\/uploads\/Titelbild-Verband.jpg 1920w, https:\/\/www.agv-online.de\/wordpress\/wp-content\/uploads\/Titelbild-Verband-300x64.jpg 300w, https:\/\/www.agv-online.de\/wordpress\/wp-content\/uploads\/Titelbild-Verband-1030x219.jpg 1030w, https:\/\/www.agv-online.de\/wordpress\/wp-content\/uploads\/Titelbild-Verband-768x163.jpg 768w, https:\/\/www.agv-online.de\/wordpress\/wp-content\/uploads\/Titelbild-Verband-1536x326.jpg 1536w, https:\/\/www.agv-online.de\/wordpress\/wp-content\/uploads\/Titelbild-Verband-1500x319.jpg 1500w, https:\/\/www.agv-online.de\/wordpress\/wp-content\/uploads\/Titelbild-Verband-705x150.jpg 705w\" sizes=\"(max-width: 1920px) 100vw, 1920px\" \/><\/div><\/li><\/ul><\/div><\/div>\n\n<style type=\"text\/css\" data-created_by=\"avia_inline_auto\" id=\"style-css-av-khnxyzm0-d82c25ae29c6a53cc5e7a7b17ae3506c\">\n.avia-section.av-khnxyzm0-d82c25ae29c6a53cc5e7a7b17ae3506c{\nbackground-color:#da521b;\nbackground-image:unset;\nmargin-top:20px;\nmargin-bottom:0px;\n}\n<\/style>\n<div id='av_section_1'  class='avia-section av-khnxyzm0-d82c25ae29c6a53cc5e7a7b17ae3506c main_color avia-section-default avia-no-border-styling  avia-builder-el-1  el_after_av_slideshow_full  el_before_av_one_full  avia-bg-style-scroll container_wrap fullsize'  ><div class='container av-section-cont-open' ><div class='template-page content  av-content-full alpha units'><div class='post-entry post-entry-type-page post-entry-3806'><div class='entry-content-wrapper clearfix'>\n\n<style type=\"text\/css\" data-created_by=\"avia_inline_auto\" id=\"style-css-av-kkzdd5zw-2b67a3cadab51762341f98053e84e37f\">\n#top .av-special-heading.av-kkzdd5zw-2b67a3cadab51762341f98053e84e37f{\npadding-bottom:10px;\ncolor:#ffffff;\n}\nbody .av-special-heading.av-kkzdd5zw-2b67a3cadab51762341f98053e84e37f .av-special-heading-tag .heading-char{\nfont-size:25px;\n}\n.av-special-heading.av-kkzdd5zw-2b67a3cadab51762341f98053e84e37f .special-heading-inner-border{\nborder-color:#ffffff;\n}\n.av-special-heading.av-kkzdd5zw-2b67a3cadab51762341f98053e84e37f .av-subheading{\nfont-size:15px;\n}\n<\/style>\n<div  class='av-special-heading av-kkzdd5zw-2b67a3cadab51762341f98053e84e37f av-special-heading-h2 custom-color-heading  avia-builder-el-2  avia-builder-el-no-sibling '><h2 class='av-special-heading-tag '  itemprop=\"headline\"  >Willkommen im Mitgliederbereich<\/h2><div class=\"special-heading-border\"><div class=\"special-heading-inner-border\"><\/div><\/div><\/div>\n<\/div><\/div><\/div><!-- close content main div --><\/div><\/div><div id='after_section_1'  class='main_color av_default_container_wrap container_wrap fullsize'  ><div class='container av-section-cont-open' ><div class='template-page content  av-content-full alpha units'><div class='post-entry post-entry-type-page post-entry-3806'><div class='entry-content-wrapper clearfix'>\n\n<style type=\"text\/css\" data-created_by=\"avia_inline_auto\" id=\"style-css-av-3na5ed-9cc4a7b37211f0e289142b249d28a575\">\n.flex_column.av-3na5ed-9cc4a7b37211f0e289142b249d28a575{\nborder-radius:0px 0px 0px 0px;\npadding:0px 0px 0px 0px;\n}\n<\/style>\n<div  class='flex_column av-3na5ed-9cc4a7b37211f0e289142b249d28a575 av_one_full  avia-builder-el-3  el_after_av_section  avia-builder-el-no-sibling  first flex_column_div av-zero-column-padding  '     ><p><section  class='av_textblock_section av-kipxysiw-7d76a824ee009187e6eac78ac00dd295 '   itemscope=\"itemscope\" itemtype=\"https:\/\/schema.org\/CreativeWork\" ><div class='avia_textblock'  itemprop=\"text\" ><p>Der Mitgliederbereich ist ausschlie\u00dflich f\u00fcr die Mitglieder und F\u00f6rdermitglieder des <span class=\"copyright\">Arbeitgeberverband der Deutschen Immobilienwirtschaft e.V.<\/span><br \/>\nAlle Mitglieder des Vereins k\u00f6nnen sich hier anmelden um in den interen Bereich zu gelangen.<\/p>\n<\/div><\/section><br \/>\n<section  class='av_textblock_section av-2ze0w5-392b2dc970300ab0a90a6ddc452f158b '   itemscope=\"itemscope\" itemtype=\"https:\/\/schema.org\/CreativeWork\" ><div class='avia_textblock'  itemprop=\"text\" ><style type=\"text\/css\">\nform#login_2_form div.ncore_with_focus input[type=\"text\"],\nform#login_2_form div.ncore_with_focus input[type=\"password\"]\n{\n    border-color: #2196F3;\n    border-radius: 0px; border-top-left-radius: 0px; border-top-right-radius: 0px; border-bottom-left-radius: 0px; border-bottom-right-radius: 0px;\n}\n\nform#login_2_form div.ncore_with_focus label,\nform#login_2_form div.ncore_with_focus label\n{\n    color: #2196F3;\n    border-radius: 0px; border-top-left-radius: 0px; border-top-right-radius: 0px; border-bottom-left-radius: 0px; border-bottom-right-radius: 0px;\n}\n\n.button.button-primary.ncore_custom_button,\nform#login_2_form .button.button-primary {\n     background-color: #2196F3;\n     color: #FFFFFF;\n     border-radius: 0px; border-top-left-radius: 0px; border-top-right-radius: 0px; border-bottom-left-radius: 0px; border-bottom-right-radius: 0px;\n }\n<\/style><div class=\"ncore ncore_user_form_container digimember_login dm_signin_form_container ncore_with_wp_login ncore_without_fp_login\">\n    <div id='login_2_form_error_message' class='user_login_form_form_error_message'><\/div>    <form action=\"https:\/\/www.agv-online.de\/wordpress\/wp-json\/wp\/v2\/pages\/3806\" method=\"post\" id=\"login_2_form\" name=\"login_2_form\" class=\"ncore_user_form dm_signin_form ncore_form_narrow \">\n        <a name='login'><\/a><div class='ncore ncore_user_form'>\n<div class=\"ncore_hidden\"><input type='hidden' name='ncore_xss_password' value='md4vUDfmm2wszomDvMI3pH6wjLGFcv' \/><\/div><div class='ncore_form_row  ncore_input_text ncore_without_value'>\n    <div class='ncore_form_label  '>\n        <label for='ncore_username0'>Benutzername<\/label>\n    <\/div>\n    <div class='ncore_form_input  '>\n         <input   id=\"ncore_username0\"   type=\"text\"    name=\"ncore_username0\"   \/>\n        \n    <\/div>\n<\/div>\n<div class='ncore_form_row  ncore_input_password ncore_without_value'>\n    <div class='ncore_form_label  '>\n        <label for='ncore_password0'>Kennwort<\/label>\n    <\/div>\n    <div class='ncore_form_input  '>\n         <input   id=\"ncore_password0\"   type=\"password\"    name=\"ncore_password0\"   \/>\n        \n    <\/div>\n<\/div>\n<div class='ncore_form_row  ncore_input_checkbox ncore_without_value'>\n    <div class='ncore_form_input  '>\n         <label  ><span class='ncore_checkbox'><input type='checkbox'   id=\"ncore_remember0\"   name=\"checkbox_ncore_remember0\"   class=\"ncore_checkbox\"   data-value-checked=\"1\"   data-value-unchecked=\"0\"    \/> <input type='hidden' name='ncore_remember0' value='0'   class=\"vis_sel_remember_270659767\"   \/><\/span> Eingeloggt bleiben<\/label><div class='ncore_user_form footnote ncore_new_password_link'><a onclick=\"return ncore_new_password_link_270659765();\" class='ncore_forgotton_password_link' href=\"\/\">Kennwort vergessen?<\/a><\/div>\n        \n    <\/div>\n<\/div>\n<\/div>\n<input   type=\"hidden\"   value=\"1\"   name=\"ncore_ncore_is_posted_00\"   \/><div class='ncore ncore_user ncore_form_buttons'><input   type='submit' onclick=\" var form = ncoreJQ( this ).closest( 'form' ); var container = form.parent(); var error_div =  container.find( '.user_login_form_form_error_message' ); var error_div_id = error_div.attr( 'id' ); var username = encodeURIComponent( form.find( 'input[name=ncore_username0]').val() ); var password = encodeURIComponent( form.find( 'input[name=ncore_password0]').val() ); var remember = form.find( 'input[name=ncore_remember0]').val() ? '1' : '0'; var data = { 'username': username, 'password': password, 'remember': remember, 'errordiv': error_div_id }; data.redirect_url='https:\/\/www.agv-online.de\/wordpress\/index.php?page_id=3973'; data.current_url='https:\/\/www.agv-online.de\/wordpress\/wp-json\/wp\/v2\/pages\/3806'; data.action='ncore_ajax_action'; data.ncore_plugin='digimember'; data.ncore_controller='user\/login_form'; data.ncore_event='login'; data.ncore_xss_password='md4vUDfmm2wszomDvMI3pH6wjLGFcv'; data.ncore_ctr_settings_button_bg='#2196F3'; data.ncore_ctr_settings_button_fg='#FFFFFF'; data.ncore_ctr_settings_button_radius='0'; data.ncore_ctr_settings_button_text='Anmelden'; data.ncore_ctr_settings_type='widget'; data.ncore_ctr_settings_0='redirect_if_logged_in'; data.ncore_ctr_settings_url='https:\/\/www.agv-online.de\/wordpress\/index.php?page_id=3973'; data.ncore_ctr_settings_dialog_headline='Anmelden'; data.ncore_ctr_settings_style='modern'; data.ncore_ctr_settings_container_css='digimember_login dm_signin_form_container'; data.ncore_ctr_settings_form_css='dm_signin_form'; dmDialogAjax_Start(); ncoreJQ.post(ncore_ajax_url, data, dmDialogAjax_Callback ) .fail(function(result){ var callbackResult = { error: 'Action failed.', success: '', html: '', target_div_id: '', js: '', redirect: false, must_reload: false, }; if (result.status == 403 && result.responseText != '') { callbackResult.error = result.responseText; } dmDialogAjax_Callback(JSON.stringify(callbackResult)); });; return false;\" name='save' class='button button-primary ' value=\"Anmelden\" \/><\/div>    <\/form>\n\n<\/div>\n<\/div><\/section><\/p><\/div>\n","protected":false},"excerpt":{"rendered":"","protected":false},"author":1,"featured_media":0,"parent":0,"menu_order":0,"comment_status":"closed","ping_status":"closed","template":"","meta":{"footnotes":""},"class_list":["post-3806","page","type-page","status-publish","hentry"],"_links":{"self":[{"href":"https:\/\/www.agv-online.de\/wordpress\/wp-json\/wp\/v2\/pages\/3806","targetHints":{"allow":["GET"]}}],"collection":[{"href":"https:\/\/www.agv-online.de\/wordpress\/wp-json\/wp\/v2\/pages"}],"about":[{"href":"https:\/\/www.agv-online.de\/wordpress\/wp-json\/wp\/v2\/types\/page"}],"author":[{"embeddable":true,"href":"https:\/\/www.agv-online.de\/wordpress\/wp-json\/wp\/v2\/users\/1"}],"replies":[{"embeddable":true,"href":"https:\/\/www.agv-online.de\/wordpress\/wp-json\/wp\/v2\/comments?post=3806"}],"version-history":[{"count":23,"href":"https:\/\/www.agv-online.de\/wordpress\/wp-json\/wp\/v2\/pages\/3806\/revisions"}],"predecessor-version":[{"id":4461,"href":"https:\/\/www.agv-online.de\/wordpress\/wp-json\/wp\/v2\/pages\/3806\/revisions\/4461"}],"wp:attachment":[{"href":"https:\/\/www.agv-online.de\/wordpress\/wp-json\/wp\/v2\/media?parent=3806"}],"curies":[{"name":"wp","href":"https:\/\/api.w.org\/{rel}","templated":true}]}}