{"id":3454,"date":"2025-09-01T07:00:46","date_gmt":"2025-09-01T05:00:46","guid":{"rendered":"https:\/\/www.agv-online.de\/wordpress\/?page_id=3454"},"modified":"2026-04-07T08:32:49","modified_gmt":"2026-04-07T06:32:49","slug":"ausbildungssiegel","status":"publish","type":"page","link":"https:\/\/www.agv-online.de\/wordpress\/dienstleistungen\/ausbildungssiegel\/","title":{"rendered":"Ausbildungssiegel"},"content":{"rendered":"<div id='full_slider_1'  class='avia-fullwidth-slider main_color avia-shadow   avia-builder-el-0  el_before_av_section  avia-builder-el-first   container_wrap fullsize'  ><div  class='avia-slideshow av-kgluijzq-a70b22c7589223b50a36284b22246b82 avia-slideshow-no scaling av_slideshow_full avia-fade-slider av-slideshow-ui av-control-minimal av-control-minimal-dark av-slideshow-autoplay av-loop-endless av-loop-manual-endless av-default-height-applied   avia-slideshow-1' data-slideshow-options=\"{&quot;animation&quot;:&quot;fade&quot;,&quot;autoplay&quot;:true,&quot;loop_autoplay&quot;:&quot;endless&quot;,&quot;interval&quot;:5,&quot;loop_manual&quot;:&quot;manual-endless&quot;,&quot;autoplay_stopper&quot;:false,&quot;noNavigation&quot;:false,&quot;bg_slider&quot;:false,&quot;keep_padding&quot;:false,&quot;hoverpause&quot;:false,&quot;show_slide_delay&quot;:0}\"  itemprop=\"image\" itemscope=\"itemscope\" itemtype=\"https:\/\/schema.org\/ImageObject\" ><ul class='avia-slideshow-inner ' style='padding-bottom: 21.25%;'><li  class='avia-slideshow-slide av-kgluijzq-a70b22c7589223b50a36284b22246b82__0  av-single-slide slide-1 slide-odd'><div data-rel='slideshow-1' class='avia-slide-wrap '   ><img decoding=\"async\" fetchpriority=\"high\" class=\"wp-image-5142 avia-img-lazy-loading-not-5142\"  src=\"https:\/\/www.agv-online.de\/wordpress\/wp-content\/uploads\/Slider-Ausbildungssiegel.jpg\" width=\"1920\" height=\"408\" title='Slider-Ausbildungssiegel' alt=''  itemprop=\"thumbnailUrl\" srcset=\"https:\/\/www.agv-online.de\/wordpress\/wp-content\/uploads\/Slider-Ausbildungssiegel.jpg 1920w, https:\/\/www.agv-online.de\/wordpress\/wp-content\/uploads\/Slider-Ausbildungssiegel-300x64.jpg 300w, https:\/\/www.agv-online.de\/wordpress\/wp-content\/uploads\/Slider-Ausbildungssiegel-1030x219.jpg 1030w, https:\/\/www.agv-online.de\/wordpress\/wp-content\/uploads\/Slider-Ausbildungssiegel-768x163.jpg 768w, https:\/\/www.agv-online.de\/wordpress\/wp-content\/uploads\/Slider-Ausbildungssiegel-1536x326.jpg 1536w, https:\/\/www.agv-online.de\/wordpress\/wp-content\/uploads\/Slider-Ausbildungssiegel-1500x319.jpg 1500w, https:\/\/www.agv-online.de\/wordpress\/wp-content\/uploads\/Slider-Ausbildungssiegel-705x150.jpg 705w\" sizes=\"(max-width: 1920px) 100vw, 1920px\" \/><\/div><\/li><\/ul><\/div><\/div>\n\n<style type=\"text\/css\" data-created_by=\"avia_inline_auto\" id=\"style-css-av-khnxyzm0-45d10ac42093bbfd4a762c725bba7723\">\n.avia-section.av-khnxyzm0-45d10ac42093bbfd4a762c725bba7723{\nbackground-color:#3088c4;\nbackground-image:unset;\nmargin-top:20px;\nmargin-bottom:0px;\n}\n<\/style>\n<div id='av_section_1'  class='avia-section av-khnxyzm0-45d10ac42093bbfd4a762c725bba7723 main_color avia-section-default avia-no-border-styling  avia-builder-el-1  el_after_av_slideshow_full  el_before_av_three_fourth  avia-bg-style-scroll container_wrap fullsize'  ><div class='container av-section-cont-open' ><div class='template-page content  av-content-full alpha units'><div class='post-entry post-entry-type-page post-entry-3454'><div class='entry-content-wrapper clearfix'>\n\n<style type=\"text\/css\" data-created_by=\"avia_inline_auto\" id=\"style-css-av-kih59520-480693c252c058fb73dd258b3fae7233\">\n#top .av-special-heading.av-kih59520-480693c252c058fb73dd258b3fae7233{\npadding-bottom:10px;\ncolor:#ffffff;\n}\nbody .av-special-heading.av-kih59520-480693c252c058fb73dd258b3fae7233 .av-special-heading-tag .heading-char{\nfont-size:25px;\n}\n.av-special-heading.av-kih59520-480693c252c058fb73dd258b3fae7233 .special-heading-inner-border{\nborder-color:#ffffff;\n}\n.av-special-heading.av-kih59520-480693c252c058fb73dd258b3fae7233 .av-subheading{\nfont-size:15px;\n}\n<\/style>\n<div  class='av-special-heading av-kih59520-480693c252c058fb73dd258b3fae7233 av-special-heading-h1 custom-color-heading  avia-builder-el-2  avia-builder-el-no-sibling '><h1 class='av-special-heading-tag '  itemprop=\"headline\"  >Ausbildungssiegel<\/h1><div class=\"special-heading-border\"><div class=\"special-heading-inner-border\"><\/div><\/div><\/div>\n<\/div><\/div><\/div><!-- close content main div --><\/div><\/div><div id='after_section_1'  class='main_color av_default_container_wrap container_wrap fullsize'  ><div class='container av-section-cont-open' ><div class='template-page content  av-content-full alpha units'><div class='post-entry post-entry-type-page post-entry-3454'><div class='entry-content-wrapper clearfix'>\n\n<style type=\"text\/css\" data-created_by=\"avia_inline_auto\" id=\"style-css-av-3na5ed-9cc4a7b37211f0e289142b249d28a575\">\n.flex_column.av-3na5ed-9cc4a7b37211f0e289142b249d28a575{\nborder-radius:0px 0px 0px 0px;\npadding:0px 0px 0px 0px;\n}\n<\/style>\n<div  class='flex_column av-3na5ed-9cc4a7b37211f0e289142b249d28a575 av_three_fourth  avia-builder-el-3  el_after_av_section  el_before_av_one_fourth  avia-builder-el-first  first flex_column_div av-zero-column-padding  '     ><section  class='av_textblock_section av-2ze0w5-13057aa0e600e2e129a0766d55a61811 '   itemscope=\"itemscope\" itemtype=\"https:\/\/schema.org\/CreativeWork\" ><div class='avia_textblock'  itemprop=\"text\" ><p>Unsere Mitgliedsunternehmen engagieren sich seit vielen Jahren bei der Ausbildung junger Menschen. Dabei ist das Niveau der Ausbildung in den Unternehmen stetig gewachsen. Immobilienkaufleute und Absolventen anderer Ausbildungsberufe, die durch Mitgliedsunternehmen des Arbeitgeberverbandes ausgebildet wurden, sind auf dem Arbeitsmarkt hoch angesehen. Ihre Leistungen werden regelm\u00e4\u00dfig nachgefragt.<\/p>\n<p>Die Tarifbindung der Mitgliedsunternehmen an sich setzt hohe Standards und bedeutet bereits ein herausragendes Qualit\u00e4tsmerkmal bei der Ausbildung. Es ist ein deutliches Unterscheidungsmerkmal zu anderen Marktteilnehmern im immobilienwirtschaftlichen Sektor. Eine sichere und angemessene Ausbildungsverg\u00fctung gepaart mit sehr guten Ausbildungsbedingungen sind heute f\u00fcr viele unserer Mitgliedsunternehmen selbstverst\u00e4ndlich.<\/p>\n<p>Um diesem hohen Niveau der Ausbildung Ausdruck zu verleihen, vergeben wir das Siegel <strong>\u201eAusbildung in Bestform\u201c<\/strong> an Unternehmen, die \u00fcber die Standards hinaus herausragende Leistungen im Rahmen der Ausbildung erbringen.<\/p>\n\n<style type=\"text\/css\" data-created_by=\"avia_inline_auto\" id=\"style-css-av-2v1kby-8a58909df2c385f2372f3cc414eda397\">\n#top .hr.hr-invisible.av-2v1kby-8a58909df2c385f2372f3cc414eda397{\nheight:20px;\n}\n<\/style>\n<div  class='hr av-2v1kby-8a58909df2c385f2372f3cc414eda397 hr-invisible  avia-builder-el-5  avia-builder-el-no-sibling '><span class='hr-inner '><span class=\"hr-inner-style\"><\/span><\/span><\/div>\n<p><strong><a id=\"Ausbildungssiegel\"><\/a>Ausbildungssiegel Unternehmen nach Bundesl\u00e4ndern sortiert<\/strong><\/p>\n<p><strong>\u00a0<\/strong><\/p>\n<p><strong><u>Baden-W\u00fcrttemberg<\/u><\/strong><\/p>\n<p>Baugenossenschaft Arlinger eG Pforzheim<\/p>\n<p>Baugenossenschaft Esslingen eG<\/p>\n<p>Baugenossenschaft Familienheim eG Villingen-Schwenningen<\/p>\n<p>Bauverein Breisgau eG<\/p>\n<p>Bietigheimer Wohnbau GmbH<\/p>\n<p>Familienheim Freiburg Baugenossenschaft eG<\/p>\n<p>GBG \u2013 Unternehmensgruppe GmbH Mannheim<\/p>\n<p>Gesellschaft f\u00fcr Grund- und Hausbesitz mbH Heidelberg<\/p>\n<p>VdK-Baugenossenschaft Baden-W\u00fcrttemberg eG Stuttgart<\/p>\n<p>Volkswohnung GmbH Karlsruhe<\/p>\n<p><strong><u>Bayern<\/u><\/strong><\/p>\n<p>BSG-Allg\u00e4u, Bau- und Siedlungsgenossenschaft eG, Kempten<\/p>\n<p>St. Ulrichswerk der Di\u00f6zese Augsburg GmbH<\/p>\n<p>Wohnungsbaugesellschaft der Stadt F\u00fcrth mbH<\/p>\n<p><strong><u>Berlin<\/u><\/strong><\/p>\n<p>degewo AG, Berlin<\/p>\n<p>GESOBAU AG, Berlin<\/p>\n<p>HOWOGE Wohnungsbaugesellschaft mbH, Berlin<\/p>\n<p>STADT UND LAND Wohnungsbauten-Gesellschaft mbH, Berlin<\/p>\n<p>Wohnungsbaugenossenschaft \u201eVorw\u00e4rts\u201c eG, Berlin<\/p>\n<p>Wohnungsgenossenschaft Marzahner Tor eG, Berlin<\/p>\n<p><strong><u>Brandenburg<\/u><\/strong><\/p>\n<p>Wohnbauten GmbH Schwedt\/Oder<\/p>\n<p>Wohnungsbaugenossenschaft Schwedt eG<\/p>\n<p><strong><u>Bremen<\/u><\/strong><\/p>\n<p>GEWOBA Aktiengesellschaft Wohnen und Bauen<\/p>\n<p><strong><u>Hamburg<\/u><\/strong><\/p>\n<p>Baugenossenschaft Dennerstra\u00dfe-Selbsthilfe eG, Hamburg<\/p>\n<p>SAGA Siedlungs-Aktiengesellschaft Hamburg<\/p>\n<p>Wohnungsbaugenossenschaft KAIFU-NORDLAND eG, Hamburg<\/p>\n<p><strong><u>Hessen <\/u><\/strong><\/p>\n<p>Baugenossenschaft RIED eG<\/p>\n<p>Hofheimer Wohnungsbau GmbH<\/p>\n<p><strong><u>Mecklenburg-Vorpommern<\/u><\/strong><\/p>\n<p>Wohnungsbau-Genossenschaft Greifswald eG<\/p>\n<p>Wohnungsgenossenschaft Schiffahrt-Hafen Rostock eG<\/p>\n<p><strong><u>Niedersachsen<\/u><\/strong><\/p>\n<p>Bauverein Neustadt a. Rbge. eG<\/p>\n<p>Beamten-Wohnungs-Verein zu Hildesheim eG<\/p>\n<p>KWG Kreiswohnbaugesellschaft Hildesheim mbH<\/p>\n<p>Wilhelmshavener Spar- und Baugesellschaft eG<\/p>\n<p>wb Service GmbH Wunstorf<\/p>\n<p>WGH-Herrenhausen eG, Hannover<\/p>\n<p><strong><u>Nordrhein-Westfalen <\/u><\/strong><\/p>\n<p>Allbau Managementgesellschaft mbH, Essen<\/p>\n<p>BGW Bielefelder Gesellschaft f\u00fcr Wohnen und Immobiliendienstleistungen mbH<\/p>\n<p>Bocholter Heimbau eG<\/p>\n<p>Dormagener Wohnungsbau GmbH<\/p>\n<p>GWG Wohnungsgesellschaft mbH Rhein-Erft<\/p>\n<p>gws-Wohnen Dortmund-S\u00fcd eG<\/p>\n<p>hwg eG Hattingen<\/p>\n<p>L\u00fcdenscheider Wohnst\u00e4tten AG<\/p>\n<p>Mettmanner Bauverein eG<\/p>\n<p>Spar- und Bauverein eG Dortmund<\/p>\n<p>Wohnungsgenossenschaft Witten-Mitte eG<\/p>\n<p><strong><u>Rheinland-Pfalz<\/u><\/strong><\/p>\n<p>GAG Ludwigshafen am Rhein Aktiengesellschaft f\u00fcr Wohnungs-, Gewerbe- und St\u00e4dtebau<\/p>\n<p><strong><u>Sachsen<\/u><\/strong><\/p>\n<p>Wohnungsgenossenschaft \u201eGl\u00fcckauf\u201c S\u00fcd Dresden e.G.<\/p>\n<p><strong><u>Sachsen-Anhalt <\/u><\/strong><\/p>\n<p>SWB St\u00e4dtische Wohnungsbau GmbH Sch\u00f6nebeck<\/p>\n<p><strong><u>Schleswig-Holstein<\/u><\/strong><\/p>\n<p>GEWOBA Nord Baugenossenschaft eG<\/p>\n<p>NEUE L\u00dcBECKER Norddeutsche Baugenossenschaft eG, L\u00fcbeck<\/p>\n<h4><strong>Weitere Informationen und Bewerbungsunterlagen finden Sie im <span style=\"color: #da521b;\"><a style=\"color: #da521b;\" href=\"https:\/\/www.agv-online.de\/wordpress\/mitgliederbereich-startseite\/\">Mitgliederbereich<\/a><\/span>.<\/strong><\/h4>\n<\/div><\/section><\/div>\n<style type=\"text\/css\" data-created_by=\"avia_inline_auto\" id=\"style-css-av-8g00u-63e6fe5bad3274852038eb1e584d5a67\">\n.flex_column.av-8g00u-63e6fe5bad3274852038eb1e584d5a67{\nborder-radius:0px 0px 0px 0px;\npadding:0px 0px 0px 0px;\n}\n<\/style>\n<div  class='flex_column av-8g00u-63e6fe5bad3274852038eb1e584d5a67 av_one_fourth  avia-builder-el-6  el_after_av_three_fourth  avia-builder-el-last  flex_column_div av-zero-column-padding  '     ><style type=\"text\/css\" data-created_by=\"avia_inline_auto\" id=\"style-css-av-kmysoqlw-bb2328c4cd8f363daba7401209c39320\">\n.avia-image-container.av-kmysoqlw-bb2328c4cd8f363daba7401209c39320 img.avia_image{\nbox-shadow:none;\n}\n.avia-image-container.av-kmysoqlw-bb2328c4cd8f363daba7401209c39320 .av-image-caption-overlay-center{\ncolor:#ffffff;\n}\n<\/style>\n<div  class='avia-image-container av-kmysoqlw-bb2328c4cd8f363daba7401209c39320 av-styling- av-hover-grow av-hide-overflow av-img-linked avia-align-center  avia-builder-el-7  avia-builder-el-no-sibling '   itemprop=\"image\" itemscope=\"itemscope\" itemtype=\"https:\/\/schema.org\/ImageObject\" ><div class=\"avia-image-container-inner\"><div class=\"avia-image-overlay-wrap\"><a href=\"#Ausbildungssiegel\" class='avia_image '  aria-label='Siegel-Silhouette_1'><img decoding=\"async\" fetchpriority=\"high\" class='wp-image-5873 avia-img-lazy-loading-not-5873 avia_image ' src=\"https:\/\/www.agv-online.de\/wordpress\/wp-content\/uploads\/Siegel-Silhouette_1-1-226x300.png\" alt='' title='Siegel-Silhouette_1'  height=\"300\" width=\"226\"  itemprop=\"thumbnailUrl\" srcset=\"https:\/\/www.agv-online.de\/wordpress\/wp-content\/uploads\/Siegel-Silhouette_1-1-226x300.png 226w, https:\/\/www.agv-online.de\/wordpress\/wp-content\/uploads\/Siegel-Silhouette_1-1.png 345w\" sizes=\"(max-width: 226px) 100vw, 226px\" \/><\/a><\/div><\/div><\/div><\/div><\/p>\n","protected":false},"excerpt":{"rendered":"","protected":false},"author":6,"featured_media":0,"parent":3258,"menu_order":0,"comment_status":"closed","ping_status":"closed","template":"","meta":{"footnotes":""},"class_list":["post-3454","page","type-page","status-publish","hentry"],"_links":{"self":[{"href":"https:\/\/www.agv-online.de\/wordpress\/wp-json\/wp\/v2\/pages\/3454","targetHints":{"allow":["GET"]}}],"collection":[{"href":"https:\/\/www.agv-online.de\/wordpress\/wp-json\/wp\/v2\/pages"}],"about":[{"href":"https:\/\/www.agv-online.de\/wordpress\/wp-json\/wp\/v2\/types\/page"}],"author":[{"embeddable":true,"href":"https:\/\/www.agv-online.de\/wordpress\/wp-json\/wp\/v2\/users\/6"}],"replies":[{"embeddable":true,"href":"https:\/\/www.agv-online.de\/wordpress\/wp-json\/wp\/v2\/comments?post=3454"}],"version-history":[{"count":63,"href":"https:\/\/www.agv-online.de\/wordpress\/wp-json\/wp\/v2\/pages\/3454\/revisions"}],"predecessor-version":[{"id":7886,"href":"https:\/\/www.agv-online.de\/wordpress\/wp-json\/wp\/v2\/pages\/3454\/revisions\/7886"}],"up":[{"embeddable":true,"href":"https:\/\/www.agv-online.de\/wordpress\/wp-json\/wp\/v2\/pages\/3258"}],"wp:attachment":[{"href":"https:\/\/www.agv-online.de\/wordpress\/wp-json\/wp\/v2\/media?parent=3454"}],"curies":[{"name":"wp","href":"https:\/\/api.w.org\/{rel}","templated":true}]}}