{"id":3448,"date":"2020-11-18T21:10:58","date_gmt":"2020-11-18T20:10:58","guid":{"rendered":"https:\/\/www.agv-online.de\/wordpress\/?page_id=3448"},"modified":"2021-03-10T21:12:25","modified_gmt":"2021-03-10T20:12:25","slug":"seminare","status":"publish","type":"page","link":"https:\/\/www.agv-online.de\/wordpress\/dienstleistungen\/seminare\/","title":{"rendered":"Seminare"},"content":{"rendered":"<div id='full_slider_1'  class='avia-fullwidth-slider main_color avia-shadow   avia-builder-el-0  el_before_av_section  avia-builder-el-first   container_wrap fullsize'  ><div  class='avia-slideshow av-kgluijzq-2b75a20c3149e429e5905838107ada4c avia-slideshow-no scaling av_slideshow_full avia-fade-slider av-slideshow-ui av-control-hidden av-no-slider-navigation av-hide-nav-arrows av-slideshow-autoplay av-loop-endless av-loop-manual-endless av-default-height-applied   avia-slideshow-1' data-slideshow-options=\"{&quot;animation&quot;:&quot;fade&quot;,&quot;autoplay&quot;:true,&quot;loop_autoplay&quot;:&quot;endless&quot;,&quot;interval&quot;:5,&quot;loop_manual&quot;:&quot;manual-endless&quot;,&quot;autoplay_stopper&quot;:false,&quot;noNavigation&quot;:true,&quot;bg_slider&quot;:false,&quot;keep_padding&quot;:false,&quot;hoverpause&quot;:false,&quot;show_slide_delay&quot;:0}\"  itemprop=\"image\" itemscope=\"itemscope\" itemtype=\"https:\/\/schema.org\/ImageObject\" ><ul class='avia-slideshow-inner ' style='padding-bottom: 21.25%;'><li  class='avia-slideshow-slide av-kgluijzq-2b75a20c3149e429e5905838107ada4c__0  av-single-slide slide-1 slide-odd'><div data-rel='slideshow-1' class='avia-slide-wrap '   ><img decoding=\"async\" fetchpriority=\"high\" class=\"wp-image-4699 avia-img-lazy-loading-not-4699\"  src=\"https:\/\/www.agv-online.de\/wordpress\/wp-content\/uploads\/Slider-Seminare.jpg\" width=\"1920\" height=\"408\" title='Slider-Seminare' alt=''  itemprop=\"thumbnailUrl\" srcset=\"https:\/\/www.agv-online.de\/wordpress\/wp-content\/uploads\/Slider-Seminare.jpg 1920w, https:\/\/www.agv-online.de\/wordpress\/wp-content\/uploads\/Slider-Seminare-300x64.jpg 300w, https:\/\/www.agv-online.de\/wordpress\/wp-content\/uploads\/Slider-Seminare-1030x219.jpg 1030w, https:\/\/www.agv-online.de\/wordpress\/wp-content\/uploads\/Slider-Seminare-768x163.jpg 768w, https:\/\/www.agv-online.de\/wordpress\/wp-content\/uploads\/Slider-Seminare-1536x326.jpg 1536w, https:\/\/www.agv-online.de\/wordpress\/wp-content\/uploads\/Slider-Seminare-1500x319.jpg 1500w, https:\/\/www.agv-online.de\/wordpress\/wp-content\/uploads\/Slider-Seminare-705x150.jpg 705w\" sizes=\"(max-width: 1920px) 100vw, 1920px\" \/><\/div><\/li><\/ul><\/div><\/div>\n\n<style type=\"text\/css\" data-created_by=\"avia_inline_auto\" id=\"style-css-av-khnxyzm0-45d10ac42093bbfd4a762c725bba7723\">\n.avia-section.av-khnxyzm0-45d10ac42093bbfd4a762c725bba7723{\nbackground-color:#3088c4;\nbackground-image:unset;\nmargin-top:20px;\nmargin-bottom:0px;\n}\n<\/style>\n<div id='av_section_1'  class='avia-section av-khnxyzm0-45d10ac42093bbfd4a762c725bba7723 main_color avia-section-default avia-no-border-styling  avia-builder-el-1  el_after_av_slideshow_full  el_before_av_one_full  avia-bg-style-scroll container_wrap fullsize'  ><div class='container av-section-cont-open' ><div class='template-page content  av-content-full alpha units'><div class='post-entry post-entry-type-page post-entry-3448'><div class='entry-content-wrapper clearfix'>\n\n<style type=\"text\/css\" data-created_by=\"avia_inline_auto\" id=\"style-css-av-kih33nh0-13d0989fb03c1282a97773aa879ba6ee\">\n#top .av-special-heading.av-kih33nh0-13d0989fb03c1282a97773aa879ba6ee{\npadding-bottom:10px;\ncolor:#ffffff;\n}\nbody .av-special-heading.av-kih33nh0-13d0989fb03c1282a97773aa879ba6ee .av-special-heading-tag .heading-char{\nfont-size:25px;\n}\n.av-special-heading.av-kih33nh0-13d0989fb03c1282a97773aa879ba6ee .special-heading-inner-border{\nborder-color:#ffffff;\n}\n.av-special-heading.av-kih33nh0-13d0989fb03c1282a97773aa879ba6ee .av-subheading{\nfont-size:15px;\n}\n<\/style>\n<div  class='av-special-heading av-kih33nh0-13d0989fb03c1282a97773aa879ba6ee av-special-heading-h1 custom-color-heading  avia-builder-el-2  avia-builder-el-no-sibling '><h1 class='av-special-heading-tag '  itemprop=\"headline\"  >Seminare<\/h1><div class=\"special-heading-border\"><div class=\"special-heading-inner-border\"><\/div><\/div><\/div>\n<\/div><\/div><\/div><!-- close content main div --><\/div><\/div><div id='after_section_1'  class='main_color av_default_container_wrap container_wrap fullsize'  ><div class='container av-section-cont-open' ><div class='template-page content  av-content-full alpha units'><div class='post-entry post-entry-type-page post-entry-3448'><div class='entry-content-wrapper clearfix'>\n\n<style type=\"text\/css\" data-created_by=\"avia_inline_auto\" id=\"style-css-av-3na5ed-9cc4a7b37211f0e289142b249d28a575\">\n.flex_column.av-3na5ed-9cc4a7b37211f0e289142b249d28a575{\nborder-radius:0px 0px 0px 0px;\npadding:0px 0px 0px 0px;\n}\n<\/style>\n<div  class='flex_column av-3na5ed-9cc4a7b37211f0e289142b249d28a575 av_one_full  avia-builder-el-3  el_after_av_section  el_before_av_one_full  avia-builder-el-first  first flex_column_div av-zero-column-padding  '     ><section  class='av_textblock_section av-2ze0w5-392b2dc970300ab0a90a6ddc452f158b '   itemscope=\"itemscope\" itemtype=\"https:\/\/schema.org\/CreativeWork\" ><div class='avia_textblock'  itemprop=\"text\" ><h4><strong>Regelm\u00e4\u00dfige Seminarveranstaltungen zu tarif-, arbeits- und sozialrechtlichen Themen<\/strong><\/h4>\n<p>Wir unterst\u00fctzen unsere Mitgliedsunternehmen bei der Fort- und Weiterbildung und bieten bundesweit regelm\u00e4\u00dfig Seminare zu personalrechtlichen Themen zu kosteng\u00fcnstigen Konditionen an. Die Teilnehmer werden in aktuellen, die Branche betreffenden tarif-, arbeits- und sozialrechtlichen Fragen geschult.<\/p>\n<\/div><\/section><\/div>\n\n<style type=\"text\/css\" data-created_by=\"avia_inline_auto\" id=\"style-css-av-3na5ed-59b9d545eb21c2a1e7d445b7139e3116\">\n.flex_column.av-3na5ed-59b9d545eb21c2a1e7d445b7139e3116{\nborder-radius:0px 0px 0px 0px;\npadding:20px 20px 20px 20px;\nbackground-color:#f0f0f0;\n}\n<\/style>\n<div  class='flex_column av-3na5ed-59b9d545eb21c2a1e7d445b7139e3116 av_one_full  avia-builder-el-5  el_after_av_one_full  avia-builder-el-last  first flex_column_div  column-top-margin'     ><div  data-slideshow-options=\"{&quot;animation&quot;:&quot;fade&quot;,&quot;autoplay&quot;:false,&quot;loop_autoplay&quot;:&quot;once&quot;,&quot;interval&quot;:5,&quot;loop_manual&quot;:&quot;manual-endless&quot;,&quot;autoplay_stopper&quot;:false,&quot;noNavigation&quot;:false,&quot;show_slide_delay&quot;:90}\" class='avia-content-slider avia-content-grid-active avia-content-slider1 avia-content-slider-odd  avia-builder-el-6  avia-builder-el-no-sibling  av-slideshow-ui av-control-default   av-no-slider-navigation av-slideshow-manual av-loop-once av-loop-manual-endless '  itemscope=\"itemscope\" itemtype=\"https:\/\/schema.org\/Blog\" ><div class=\"avia-content-slider-inner\"><div class=\"slide-entry-wrap\"><article class='slide-entry flex_column  post-entry post-entry-6924 slide-entry-overview slide-loop-1 slide-parity-odd  post-entry-last  av_one_third first real-thumbnail posttype-post post-format-standard'  itemscope=\"itemscope\" itemtype=\"https:\/\/schema.org\/CreativeWork\" ><a href='https:\/\/www.agv-online.de\/wordpress\/webinar_betriebsratswahlen_2026\/' data-rel='slide-1' class='slide-image' title='Webinar \u201eBetriebsratswahlen 2026 rechtssicher vorbereiten und durchf\u00fchren\u201c'><img decoding=\"async\" fetchpriority=\"high\" width=\"495\" height=\"400\" src=\"https:\/\/www.agv-online.de\/wordpress\/wp-content\/uploads\/depositphotos_72793121-stock-photo-business-team-having-web-conference-495x400.jpg\" class=\"wp-image-4392 avia-img-lazy-loading-not-4392 attachment-portfolio size-portfolio wp-post-image\" alt=\"\" srcset=\"https:\/\/www.agv-online.de\/wordpress\/wp-content\/uploads\/depositphotos_72793121-stock-photo-business-team-having-web-conference-495x400.jpg 495w, https:\/\/www.agv-online.de\/wordpress\/wp-content\/uploads\/depositphotos_72793121-stock-photo-business-team-having-web-conference-845x682.jpg 845w\" sizes=\"(max-width: 495px) 100vw, 495px\" \/><\/a><div class=\"slide-content\"><header class=\"entry-content-header\" aria-label=\"Slide: Webinar \u201eBetriebsratswahlen 2026 rechtssicher vorbereiten und durchf\u00fchren\u201c\"><h3 class='slide-entry-title entry-title '  itemprop=\"headline\" ><a href='https:\/\/www.agv-online.de\/wordpress\/webinar_betriebsratswahlen_2026\/' title='Webinar \u201eBetriebsratswahlen 2026 rechtssicher vorbereiten und durchf\u00fchren\u201c'>Webinar \u201eBetriebsratswahlen 2026 rechtssicher vorbereiten und durchf\u00fchren\u201c<\/a><\/h3><span class=\"av-vertical-delimiter\"><\/span><\/header><div class=\"slide-meta\"><time class='slide-meta-time updated'  itemprop=\"datePublished\" datetime=\"2024-08-01T10:18:31+02:00\" >1. August 2024<\/time><\/div><div class='slide-entry-excerpt entry-content'  itemprop=\"text\" >\r\n\r\n<\/div><\/div><footer class=\"entry-footer\"><\/footer><span class='hidden'>\n\t\t\t\t<span class='av-structured-data'  itemprop=\"image\" itemscope=\"itemscope\" itemtype=\"https:\/\/schema.org\/ImageObject\" >\n\t\t\t\t\t\t<span itemprop='url'>https:\/\/www.agv-online.de\/wordpress\/wp-content\/uploads\/depositphotos_72793121-stock-photo-business-team-having-web-conference.jpg<\/span>\n\t\t\t\t\t\t<span itemprop='height'>682<\/span>\n\t\t\t\t\t\t<span itemprop='width'>1023<\/span>\n\t\t\t\t<\/span>\n\t\t\t\t<span class='av-structured-data'  itemprop=\"publisher\" itemtype=\"https:\/\/schema.org\/Organization\" itemscope=\"itemscope\" >\n\t\t\t\t\t\t<span itemprop='name'>GBA Pro<\/span>\n\t\t\t\t\t\t<span itemprop='logo' itemscope itemtype='https:\/\/schema.org\/ImageObject'>\n\t\t\t\t\t\t\t<span itemprop='url'>https:\/\/www.agv-online.de\/wordpress\/wp-content\/uploads\/Logo_72DPI_RGB-300x174.png<\/span>\n\t\t\t\t\t\t<\/span>\n\t\t\t\t<\/span><span class='av-structured-data'  itemprop=\"author\" itemscope=\"itemscope\" itemtype=\"https:\/\/schema.org\/Person\" ><span itemprop='name'>GBA Pro<\/span><\/span><span class='av-structured-data'  itemprop=\"datePublished\" datetime=\"2020-11-18T21:10:58+01:00\" >2024-08-01 10:18:31<\/span><span class='av-structured-data'  itemprop=\"dateModified\" itemtype=\"https:\/\/schema.org\/dateModified\" >2025-10-27 10:45:04<\/span><span class='av-structured-data'  itemprop=\"mainEntityOfPage\" itemtype=\"https:\/\/schema.org\/mainEntityOfPage\" ><span itemprop='name'>Webinar \u201eBetriebsratswahlen 2026 rechtssicher vorbereiten und durchf\u00fchren\u201c<\/span><\/span><\/span><\/article><\/div><\/div><\/div><\/div>\n","protected":false},"excerpt":{"rendered":"","protected":false},"author":1,"featured_media":0,"parent":3258,"menu_order":0,"comment_status":"closed","ping_status":"closed","template":"","meta":{"footnotes":""},"class_list":["post-3448","page","type-page","status-publish","hentry"],"_links":{"self":[{"href":"https:\/\/www.agv-online.de\/wordpress\/wp-json\/wp\/v2\/pages\/3448","targetHints":{"allow":["GET"]}}],"collection":[{"href":"https:\/\/www.agv-online.de\/wordpress\/wp-json\/wp\/v2\/pages"}],"about":[{"href":"https:\/\/www.agv-online.de\/wordpress\/wp-json\/wp\/v2\/types\/page"}],"author":[{"embeddable":true,"href":"https:\/\/www.agv-online.de\/wordpress\/wp-json\/wp\/v2\/users\/1"}],"replies":[{"embeddable":true,"href":"https:\/\/www.agv-online.de\/wordpress\/wp-json\/wp\/v2\/comments?post=3448"}],"version-history":[{"count":20,"href":"https:\/\/www.agv-online.de\/wordpress\/wp-json\/wp\/v2\/pages\/3448\/revisions"}],"predecessor-version":[{"id":7574,"href":"https:\/\/www.agv-online.de\/wordpress\/wp-json\/wp\/v2\/pages\/3448\/revisions\/7574"}],"up":[{"embeddable":true,"href":"https:\/\/www.agv-online.de\/wordpress\/wp-json\/wp\/v2\/pages\/3258"}],"wp:attachment":[{"href":"https:\/\/www.agv-online.de\/wordpress\/wp-json\/wp\/v2\/media?parent=3448"}],"curies":[{"name":"wp","href":"https:\/\/api.w.org\/{rel}","templated":true}]}}