{"id":3444,"date":"2020-11-18T21:08:39","date_gmt":"2020-11-18T20:08:39","guid":{"rendered":"https:\/\/www.agv-online.de\/wordpress\/?page_id=3444"},"modified":"2021-03-10T21:30:41","modified_gmt":"2021-03-10T20:30:41","slug":"rechtsberatung","status":"publish","type":"page","link":"https:\/\/www.agv-online.de\/wordpress\/dienstleistungen\/rechtsberatung\/","title":{"rendered":"Rechtsberatung"},"content":{"rendered":"<div id='full_slider_1'  class='avia-fullwidth-slider main_color avia-shadow   avia-builder-el-0  el_before_av_section  avia-builder-el-first   container_wrap fullsize'  ><div  class='avia-slideshow av-kgluijzq-2b75a20c3149e429e5905838107ada4c avia-slideshow-no scaling av_slideshow_full avia-fade-slider av-slideshow-ui av-control-hidden av-no-slider-navigation av-hide-nav-arrows av-slideshow-autoplay av-loop-endless av-loop-manual-endless av-default-height-applied   avia-slideshow-1' data-slideshow-options=\"{&quot;animation&quot;:&quot;fade&quot;,&quot;autoplay&quot;:true,&quot;loop_autoplay&quot;:&quot;endless&quot;,&quot;interval&quot;:5,&quot;loop_manual&quot;:&quot;manual-endless&quot;,&quot;autoplay_stopper&quot;:false,&quot;noNavigation&quot;:true,&quot;bg_slider&quot;:false,&quot;keep_padding&quot;:false,&quot;hoverpause&quot;:false,&quot;show_slide_delay&quot;:0}\"  itemprop=\"image\" itemscope=\"itemscope\" itemtype=\"https:\/\/schema.org\/ImageObject\" ><ul class='avia-slideshow-inner ' style='padding-bottom: 21.25%;'><li  class='avia-slideshow-slide av-kgluijzq-2b75a20c3149e429e5905838107ada4c__0  av-single-slide slide-1 slide-odd'><div data-rel='slideshow-1' class='avia-slide-wrap '   ><img decoding=\"async\" fetchpriority=\"high\" class=\"wp-image-4703 avia-img-lazy-loading-not-4703\"  src=\"https:\/\/www.agv-online.de\/wordpress\/wp-content\/uploads\/Slider-Rechtsberatung.jpg\" width=\"1920\" height=\"408\" title='Slider-Rechtsberatung' alt=''  itemprop=\"thumbnailUrl\" srcset=\"https:\/\/www.agv-online.de\/wordpress\/wp-content\/uploads\/Slider-Rechtsberatung.jpg 1920w, https:\/\/www.agv-online.de\/wordpress\/wp-content\/uploads\/Slider-Rechtsberatung-300x64.jpg 300w, https:\/\/www.agv-online.de\/wordpress\/wp-content\/uploads\/Slider-Rechtsberatung-1030x219.jpg 1030w, https:\/\/www.agv-online.de\/wordpress\/wp-content\/uploads\/Slider-Rechtsberatung-768x163.jpg 768w, https:\/\/www.agv-online.de\/wordpress\/wp-content\/uploads\/Slider-Rechtsberatung-1536x326.jpg 1536w, https:\/\/www.agv-online.de\/wordpress\/wp-content\/uploads\/Slider-Rechtsberatung-1500x319.jpg 1500w, https:\/\/www.agv-online.de\/wordpress\/wp-content\/uploads\/Slider-Rechtsberatung-705x150.jpg 705w\" sizes=\"(max-width: 1920px) 100vw, 1920px\" \/><\/div><\/li><\/ul><\/div><\/div>\n\n<style type=\"text\/css\" data-created_by=\"avia_inline_auto\" id=\"style-css-av-khnxyzm0-45d10ac42093bbfd4a762c725bba7723\">\n.avia-section.av-khnxyzm0-45d10ac42093bbfd4a762c725bba7723{\nbackground-color:#3088c4;\nbackground-image:unset;\nmargin-top:20px;\nmargin-bottom:0px;\n}\n<\/style>\n<div id='av_section_1'  class='avia-section av-khnxyzm0-45d10ac42093bbfd4a762c725bba7723 main_color avia-section-default avia-no-border-styling  avia-builder-el-1  el_after_av_slideshow_full  el_before_av_one_full  avia-bg-style-scroll container_wrap fullsize'  ><div class='container av-section-cont-open' ><div class='template-page content  av-content-full alpha units'><div class='post-entry post-entry-type-page post-entry-3444'><div class='entry-content-wrapper clearfix'>\n\n<style type=\"text\/css\" data-created_by=\"avia_inline_auto\" id=\"style-css-av-kih2fney-d0c58eb92fc5643d1dc65b7b6055e907\">\n#top .av-special-heading.av-kih2fney-d0c58eb92fc5643d1dc65b7b6055e907{\npadding-bottom:10px;\ncolor:#ffffff;\n}\nbody .av-special-heading.av-kih2fney-d0c58eb92fc5643d1dc65b7b6055e907 .av-special-heading-tag .heading-char{\nfont-size:25px;\n}\n.av-special-heading.av-kih2fney-d0c58eb92fc5643d1dc65b7b6055e907 .special-heading-inner-border{\nborder-color:#ffffff;\n}\n.av-special-heading.av-kih2fney-d0c58eb92fc5643d1dc65b7b6055e907 .av-subheading{\nfont-size:15px;\n}\n<\/style>\n<div  class='av-special-heading av-kih2fney-d0c58eb92fc5643d1dc65b7b6055e907 av-special-heading-h1 custom-color-heading  avia-builder-el-2  avia-builder-el-no-sibling '><h1 class='av-special-heading-tag '  itemprop=\"headline\"  >Rechtsberatung<\/h1><div class=\"special-heading-border\"><div class=\"special-heading-inner-border\"><\/div><\/div><\/div>\n<\/div><\/div><\/div><!-- close content main div --><\/div><\/div><div id='after_section_1'  class='main_color av_default_container_wrap container_wrap fullsize'  ><div class='container av-section-cont-open' ><div class='template-page content  av-content-full alpha units'><div class='post-entry post-entry-type-page post-entry-3444'><div class='entry-content-wrapper clearfix'>\n\n<style type=\"text\/css\" data-created_by=\"avia_inline_auto\" id=\"style-css-av-3na5ed-9cc4a7b37211f0e289142b249d28a575\">\n.flex_column.av-3na5ed-9cc4a7b37211f0e289142b249d28a575{\nborder-radius:0px 0px 0px 0px;\npadding:0px 0px 0px 0px;\n}\n<\/style>\n<div  class='flex_column av-3na5ed-9cc4a7b37211f0e289142b249d28a575 av_one_full  avia-builder-el-3  el_after_av_section  el_before_av_one_fourth  avia-builder-el-first  first flex_column_div av-zero-column-padding  '     ><section  class='av_textblock_section av-2ze0w5-392b2dc970300ab0a90a6ddc452f158b '   itemscope=\"itemscope\" itemtype=\"https:\/\/schema.org\/CreativeWork\" ><div class='avia_textblock'  itemprop=\"text\" ><p>Die Juristen unserer Gesch\u00e4ftsstelle beraten die Mitgliedsunternehmen \u2013 sowohl schriftlich als auch telefonisch \u2013 schnell und praxisnah in Fragen des Tarif-, Arbeits- und Sozialrechts sowie zu aktuellen personalrechtlichen Themen. Angesichts der Vielzahl von Gesetzen, Vorschriften und Verordnungen behalten wir auch angesichts permanenter \u00c4nderungen f\u00fcr Sie den \u00dcberblick. Dar\u00fcber hinaus unterst\u00fctzen wir Sie bei Verhandlungen mit dem Betriebsrat, in Einigungsstellenverfahren sowie bei Verhandlungen mit den Gewerkschaften auf betrieblicher Ebene.<\/p>\n<p style=\"text-align: left;\"><strong>Sie haben Fragen zum Tarifvertrag oder w\u00fcnschen eine pers\u00f6nliche Rechtsberatung?<\/strong><\/p>\n<\/div><\/section><\/div>\n\n<style type=\"text\/css\" data-created_by=\"avia_inline_auto\" id=\"style-css-av-81bo2s-e1ab665c89590065710ff7d99a796630\">\n.flex_column.av-81bo2s-e1ab665c89590065710ff7d99a796630{\nborder-radius:0px 0px 0px 0px;\npadding:0px 0px 0px 0px;\n}\n<\/style>\n<div  class='flex_column av-81bo2s-e1ab665c89590065710ff7d99a796630 av_one_fourth  avia-builder-el-5  el_after_av_one_full  el_before_av_one_fourth  first flex_column_div av-zero-column-padding  column-top-margin'     ><section  class='av_textblock_section av-2ze0w5-392b2dc970300ab0a90a6ddc452f158b '   itemscope=\"itemscope\" itemtype=\"https:\/\/schema.org\/CreativeWork\" ><div class='avia_textblock'  itemprop=\"text\" ><h4><strong>Wir sind gerne f\u00fcr Sie da.<\/strong><\/h4>\n<\/div><\/section><\/div>\n\n<style type=\"text\/css\" data-created_by=\"avia_inline_auto\" id=\"style-css-av-5tq0hw-0368aa48cb2cec62470185538f37afee\">\n.flex_column.av-5tq0hw-0368aa48cb2cec62470185538f37afee{\nborder-radius:0px 0px 0px 0px;\npadding:0px 0px 0px 0px;\n}\n<\/style>\n<div  class='flex_column av-5tq0hw-0368aa48cb2cec62470185538f37afee av_one_fourth  avia-builder-el-7  el_after_av_one_fourth  el_before_av_one_fourth  flex_column_div av-zero-column-padding  column-top-margin'     ><style type=\"text\/css\" data-created_by=\"avia_inline_auto\" id=\"style-css-av-kifqj5cs-b5e6444e638d6ef922273236b1c304b5\">\n#top #wrap_all .iconbox.av-kifqj5cs-b5e6444e638d6ef922273236b1c304b5 .iconbox_content_title{\ncolor:#636363;\n}\n<\/style>\n<article  class='iconbox iconbox_top av-kifqj5cs-b5e6444e638d6ef922273236b1c304b5  avia-builder-el-8  avia-builder-el-no-sibling  main_color'  itemscope=\"itemscope\" itemtype=\"https:\/\/schema.org\/CreativeWork\" ><div class=\"iconbox_content\"><header class=\"entry-content-header\" aria-label=\"Icon: \"><div class='iconbox_icon heading-color avia-iconfont avia-font-entypo-fontello' data-av_icon='' data-av_iconfont='entypo-fontello'  ><\/div><\/header><div class='iconbox_content_container '  itemprop=\"text\" ><h4><a href=\"tel:0211961350\"><strong>0211 961350<\/strong><\/a><\/h4>\n<\/div><\/div><footer class=\"entry-footer\"><\/footer><\/article><\/div>\n\n<style type=\"text\/css\" data-created_by=\"avia_inline_auto\" id=\"style-css-av-3u1mz8-60b02d2e7a08048210cf5d2a99967d37\">\n.flex_column.av-3u1mz8-60b02d2e7a08048210cf5d2a99967d37{\nborder-radius:0px 0px 0px 0px;\npadding:0px 0px 0px 0px;\n}\n<\/style>\n<div  class='flex_column av-3u1mz8-60b02d2e7a08048210cf5d2a99967d37 av_one_fourth  avia-builder-el-9  el_after_av_one_fourth  el_before_av_one_fourth  flex_column_div av-zero-column-padding  column-top-margin'     ><style type=\"text\/css\" data-created_by=\"avia_inline_auto\" id=\"style-css-av-kifqj5cs-b305bddd3f7fb5e270f69c8b3d89a67d\">\n#top #wrap_all .iconbox.av-kifqj5cs-b305bddd3f7fb5e270f69c8b3d89a67d .iconbox_content_title{\ncolor:#636363;\n}\n<\/style>\n<article  class='iconbox iconbox_top av-kifqj5cs-b305bddd3f7fb5e270f69c8b3d89a67d  avia-builder-el-10  avia-builder-el-no-sibling  main_color'  itemscope=\"itemscope\" itemtype=\"https:\/\/schema.org\/CreativeWork\" ><div class=\"iconbox_content\"><header class=\"entry-content-header\" aria-label=\"Icon: \"><div class='iconbox_icon heading-color avia-iconfont avia-font-entypo-fontello' data-av_icon='\ue805' data-av_iconfont='entypo-fontello'  ><\/div><\/header><div class='iconbox_content_container '  itemprop=\"text\" ><h4><strong><a class=\"textlink\" href=\"mailto:kontakt@agv-online.de\">kontakt@agv-online.de<\/a><\/strong><\/h4>\n<\/div><\/div><footer class=\"entry-footer\"><\/footer><\/article><\/div>\n\n<style type=\"text\/css\" data-created_by=\"avia_inline_auto\" id=\"style-css-av-1w8cl0-833e101921a373c4f31ed94e5ce1d65e\">\n.flex_column.av-1w8cl0-833e101921a373c4f31ed94e5ce1d65e{\nborder-radius:0px 0px 0px 0px;\npadding:0px 0px 0px 0px;\n}\n<\/style>\n<div  class='flex_column av-1w8cl0-833e101921a373c4f31ed94e5ce1d65e av_one_fourth  avia-builder-el-11  el_after_av_one_fourth  avia-builder-el-last  flex_column_div av-zero-column-padding  column-top-margin'     ><\/div>\n","protected":false},"excerpt":{"rendered":"","protected":false},"author":1,"featured_media":0,"parent":3258,"menu_order":0,"comment_status":"closed","ping_status":"closed","template":"","meta":{"footnotes":""},"class_list":["post-3444","page","type-page","status-publish","hentry"],"_links":{"self":[{"href":"https:\/\/www.agv-online.de\/wordpress\/wp-json\/wp\/v2\/pages\/3444","targetHints":{"allow":["GET"]}}],"collection":[{"href":"https:\/\/www.agv-online.de\/wordpress\/wp-json\/wp\/v2\/pages"}],"about":[{"href":"https:\/\/www.agv-online.de\/wordpress\/wp-json\/wp\/v2\/types\/page"}],"author":[{"embeddable":true,"href":"https:\/\/www.agv-online.de\/wordpress\/wp-json\/wp\/v2\/users\/1"}],"replies":[{"embeddable":true,"href":"https:\/\/www.agv-online.de\/wordpress\/wp-json\/wp\/v2\/comments?post=3444"}],"version-history":[{"count":18,"href":"https:\/\/www.agv-online.de\/wordpress\/wp-json\/wp\/v2\/pages\/3444\/revisions"}],"predecessor-version":[{"id":6320,"href":"https:\/\/www.agv-online.de\/wordpress\/wp-json\/wp\/v2\/pages\/3444\/revisions\/6320"}],"up":[{"embeddable":true,"href":"https:\/\/www.agv-online.de\/wordpress\/wp-json\/wp\/v2\/pages\/3258"}],"wp:attachment":[{"href":"https:\/\/www.agv-online.de\/wordpress\/wp-json\/wp\/v2\/media?parent=3444"}],"curies":[{"name":"wp","href":"https:\/\/api.w.org\/{rel}","templated":true}]}}