{"id":3377,"date":"2020-10-27T08:17:13","date_gmt":"2020-10-27T07:17:13","guid":{"rendered":"https:\/\/www.agv-online.de\/wordpress\/?page_id=3377"},"modified":"2021-02-18T14:28:31","modified_gmt":"2021-02-18T13:28:31","slug":"wegbeschreibung","status":"publish","type":"page","link":"https:\/\/www.agv-online.de\/wordpress\/kontakt\/wegbeschreibung\/","title":{"rendered":"Wegbeschreibung"},"content":{"rendered":"\n<style type=\"text\/css\" data-created_by=\"avia_inline_auto\" id=\"style-css-av-kifpxb4f-1667a64a18790075985600ecf6276dd3\">\n.avia-section.av-kifpxb4f-1667a64a18790075985600ecf6276dd3{\nbackground-color:#3088c4;\nbackground-image:unset;\n}\n<\/style>\n<div id='av_section_1'  class='avia-section av-kifpxb4f-1667a64a18790075985600ecf6276dd3 main_color avia-section-small avia-no-border-styling  avia-builder-el-0  el_before_av_one_full  avia-builder-el-first  avia-bg-style-scroll container_wrap fullsize'  ><div class='container av-section-cont-open' ><main  role=\"main\" itemprop=\"mainContentOfPage\"  class='template-page content  av-content-full alpha units'><div class='post-entry post-entry-type-page post-entry-3377'><div class='entry-content-wrapper clearfix'>\n\n<\/div><\/div><\/main><!-- close content main element --><\/div><\/div><div id='after_section_1'  class='main_color av_default_container_wrap container_wrap fullsize'  ><div class='container av-section-cont-open' ><div class='template-page content  av-content-full alpha units'><div class='post-entry post-entry-type-page post-entry-3377'><div class='entry-content-wrapper clearfix'>\n\n<style type=\"text\/css\" data-created_by=\"avia_inline_auto\" id=\"style-css-av-3na5ed-9cc4a7b37211f0e289142b249d28a575\">\n.flex_column.av-3na5ed-9cc4a7b37211f0e289142b249d28a575{\nborder-radius:0px 0px 0px 0px;\npadding:0px 0px 0px 0px;\n}\n<\/style>\n<div  class='flex_column av-3na5ed-9cc4a7b37211f0e289142b249d28a575 av_one_full  avia-builder-el-2  el_after_av_section  el_before_av_one_third  avia-builder-el-first  first flex_column_div av-zero-column-padding  '     ><section  class='av_textblock_section av-2ze0w5-392b2dc970300ab0a90a6ddc452f158b '   itemscope=\"itemscope\" itemtype=\"https:\/\/schema.org\/CreativeWork\" ><div class='avia_textblock'  itemprop=\"text\" ><h1>Ihr Weg zu uns<\/h1>\n<\/div><\/section><\/div>\n\n<style type=\"text\/css\" data-created_by=\"avia_inline_auto\" id=\"style-css-av-8luh8x-504da6f0e0a4c87dc98fff1f911ad9e6\">\n.flex_column.av-8luh8x-504da6f0e0a4c87dc98fff1f911ad9e6{\nborder-radius:0px 0px 0px 0px;\npadding:0px 0px 0px 0px;\n}\n<\/style>\n<div  class='flex_column av-8luh8x-504da6f0e0a4c87dc98fff1f911ad9e6 av_one_third  avia-builder-el-4  el_after_av_one_full  el_before_av_two_third  first flex_column_div av-zero-column-padding  column-top-margin'     ><section  class='av_textblock_section av-2ze0w5-392b2dc970300ab0a90a6ddc452f158b '   itemscope=\"itemscope\" itemtype=\"https:\/\/schema.org\/CreativeWork\" ><div class='avia_textblock'  itemprop=\"text\" ><p><strong>Arbeitgeberverband der Deutschen<\/strong><br \/>\n<strong> Immobilienwirtschaft e.V.<\/strong><br \/>\nPeter-M\u00fcller-Str. 16<br \/>\n40468 D\u00fcsseldorf<\/p>\n<p>Tel: <a href=\"tel:0211961350\">0211 961350<\/a><br \/>\nFax: 0211 96135-19<br \/>\nE-Mail: <a href=\"mailto:kontakt@agv-online.de\">kontakt@agv-online.de<\/a><\/p>\n<\/div><\/section><\/div>\n<style type=\"text\/css\" data-created_by=\"avia_inline_auto\" id=\"style-css-av-6yezn5-c73137bd37cacfeb0c1f17328b30a8f7\">\n.flex_column.av-6yezn5-c73137bd37cacfeb0c1f17328b30a8f7{\nborder-radius:0px 0px 0px 0px;\npadding:0px 0px 0px 0px;\n}\n<\/style>\n<div  class='flex_column av-6yezn5-c73137bd37cacfeb0c1f17328b30a8f7 av_two_third  avia-builder-el-6  el_after_av_one_third  avia-builder-el-last  flex_column_div av-zero-column-padding  column-top-margin'     ><section  class='av_textblock_section av-kgrn30fr-12eb7a9a0a7f1bdac6e583d15f2f9ea4 '   itemscope=\"itemscope\" itemtype=\"https:\/\/schema.org\/CreativeWork\" ><div class='avia_textblock'  itemprop=\"text\" ><h4>Wir w\u00fcnschen Ihnen schon jetzt eine angenehme Anreise.<\/h4>\n<\/div><\/section><br \/>\n<div  class='togglecontainer av-kgrn0a2b-fc673cc0866b27f15087e42d45112284 av-minimal-toggle  avia-builder-el-8  el_after_av_textblock  el_before_av_hr ' >\n<section class='av_toggle_section av-av_toggle-91f8e14185a003a08a0a72426ec2968a'  itemscope=\"itemscope\" itemtype=\"https:\/\/schema.org\/CreativeWork\" ><div role=\"tablist\" class=\"single_toggle\" data-tags=\"{Alle} {1} \"  ><p id='toggle-toggle-id-1' data-fake-id='#toggle-id-1' class='toggler  activeTitle av-title-above '  itemprop=\"headline\"  role='tab' tabindex='0' aria-controls='toggle-id-1' data-slide-speed=\"200\" data-title=\"Anreise mit dem Auto\" data-title-open=\"\" data-aria_collapsed=\"Click to expand: Anreise mit dem Auto\" data-aria_expanded=\"Click to collapse: Anreise mit dem Auto\">Anreise mit dem Auto<span class=\"toggle_icon\"><span class=\"vert_icon\"><\/span><span class=\"hor_icon\"><\/span><\/span><\/p><div id='toggle-id-1' aria-labelledby='toggle-toggle-id-1' role='region' class='toggle_wrap  active_tc av-title-above' style='display:block;' ><div class='toggle_content invers-color '  itemprop=\"text\" ><p><strong>Von den Autobahnen aus Richtung<br \/>\nK\u00f6ln (A3, A57), Frankfurt (A3), Dortmund (A1, A3) und Richtung Krefeld (A52)<\/strong><\/p>\n<ul>\n<li>auf die A44 Richtung Flughafen D\u00fcsseldorf<\/li>\n<li>Ausfahrt: D\u00fcsseldorf Flughafen<\/li>\n<li>Richtung Ankunftsebene halten<\/li>\n<li>Ausschilderung Airport City folgen<\/li>\n<li>rechts in die Peter-M\u00fcller-Str. einbiegen (Achtung neue Stra\u00dfe&#8230;&#8230;in den meisten Navigationssystemen noch nicht enthalten. Bitte geben Sie die Flughafenstra\u00dfe ein &#8211; direkt in der N\u00e4he -).<\/li>\n<\/ul>\n<\/div><\/div><\/div><\/section>\n<section class='av_toggle_section av-av_toggle-7ce6b427fe2c7ba05b98576ab518e5ef'  itemscope=\"itemscope\" itemtype=\"https:\/\/schema.org\/CreativeWork\" ><div role=\"tablist\" class=\"single_toggle\" data-tags=\"{Alle} {2} \"  ><p id='toggle-toggle-id-2' data-fake-id='#toggle-id-2' class='toggler  av-title-above '  itemprop=\"headline\"  role='tab' tabindex='0' aria-controls='toggle-id-2' data-slide-speed=\"200\" data-title=\"Anreise mit der Bahn\" data-title-open=\"\" data-aria_collapsed=\"Click to expand: Anreise mit der Bahn\" data-aria_expanded=\"Click to collapse: Anreise mit der Bahn\">Anreise mit der Bahn<span class=\"toggle_icon\"><span class=\"vert_icon\"><\/span><span class=\"hor_icon\"><\/span><\/span><\/p><div id='toggle-id-2' aria-labelledby='toggle-toggle-id-2' role='region' class='toggle_wrap  av-title-above'  ><div class='toggle_content invers-color '  itemprop=\"text\" ><p><strong>Vom Hauptbahnhof D\u00fcsseldorf erreichen Sie den Arbeitgeberverband<br \/>\n<\/strong><\/p>\n<ul>\n<li>mit der S-Bahn, S 7, Gleis 14, Flughafen. Bitte halten Sie sich links und gehen durch die Glast\u00fcr bis zum Ende des Ganges, die Treppe hinauf zum Maritim Hotel, das Sie durchqueren. \u00dcber den seitlichen Vorplatz hinweg sehen Sie die Zwillingsgeb\u00e4ude Airport Office I und II mit abgerundeter Front. In Airport Office II befindet sich in der 5. Etage der Arbeitgeberverband.<\/li>\n<li>mit dem Taxi in ca. 15 Minuten.<\/li>\n<\/ul>\n<p><strong>Vom Fernbahnhof D\u00fcsseldorf Flughafen erreichen Sie den Arbeitgeberverband<br \/>\n<\/strong><\/p>\n<ul>\n<li>mit dem Sky-Train zum Flughafen Terminal C. Folgen Sie dann den Beschreibungen der Fu\u00dfwege vom Flughafen D\u00fcsseldorf.<\/li>\n<\/ul>\n<\/div><\/div><\/div><\/section>\n<section class='av_toggle_section av-29w15d-1e87cb550018526604c2ba5aa9d08e26'  itemscope=\"itemscope\" itemtype=\"https:\/\/schema.org\/CreativeWork\" ><div role=\"tablist\" class=\"single_toggle\" data-tags=\"{Alle} {3} \"  ><p id='toggle-toggle-id-3' data-fake-id='#toggle-id-3' class='toggler  av-title-above '  itemprop=\"headline\"  role='tab' tabindex='0' aria-controls='toggle-id-3' data-slide-speed=\"200\" data-title=\"Anreise mit dem Flugzeug\" data-title-open=\"\" data-aria_collapsed=\"Click to expand: Anreise mit dem Flugzeug\" data-aria_expanded=\"Click to collapse: Anreise mit dem Flugzeug\">Anreise mit dem Flugzeug<span class=\"toggle_icon\"><span class=\"vert_icon\"><\/span><span class=\"hor_icon\"><\/span><\/span><\/p><div id='toggle-id-3' aria-labelledby='toggle-toggle-id-3' role='region' class='toggle_wrap  av-title-above'  ><div class='toggle_content invers-color '  itemprop=\"text\" ><p><strong>Vom Flughafen D\u00fcsseldorf erreichen Sie den Arbeitgeberverband zu Fu\u00df<\/strong><\/p>\n<p>Der Beschilderung &#8222;Maritim Hotel&#8220; folgen. \u00dcber den seitlichen Vorplatz hinweg sehen Sie die Zwillingsgeb\u00e4ude Airport Office I und II mit abgerundeter Front. In Airport Office II befindet sich in der 5. Etage der Arbeitgeberverband.<\/p>\n<\/div><\/div><\/div><\/section>\n<\/div><br \/>\n\n<style type=\"text\/css\" data-created_by=\"avia_inline_auto\" id=\"style-css-av-kgrnazrt-691495ce2cb784b29a19008523d7cd9c\">\n#top .hr.hr-invisible.av-kgrnazrt-691495ce2cb784b29a19008523d7cd9c{\nheight:30px;\n}\n<\/style>\n<div  class='hr av-kgrnazrt-691495ce2cb784b29a19008523d7cd9c hr-invisible  avia-builder-el-9  el_after_av_toggle_container  el_before_av_textblock '><span class='hr-inner '><span class=\"hr-inner-style\"><\/span><\/span><\/div><br \/>\n<section  class='av_textblock_section av-kgrn30fr-12eb7a9a0a7f1bdac6e583d15f2f9ea4 '   itemscope=\"itemscope\" itemtype=\"https:\/\/schema.org\/CreativeWork\" ><div class='avia_textblock'  itemprop=\"text\" ><h4>Parkm\u00f6glichkeiten<\/h4>\n<p>Das Maritim Hotel D\u00fcsseldorf, <span class=\"LrzXr\">Maritim-Platz 1, 40474 D\u00fcsseldorf<\/span>, verf\u00fcgt \u00fcber eine \u00f6ffentliche Tiefgarage.<\/p>\n<\/div><\/section><\/p><\/div><\/p>\n","protected":false},"excerpt":{"rendered":"","protected":false},"author":1,"featured_media":0,"parent":1167,"menu_order":0,"comment_status":"closed","ping_status":"closed","template":"","meta":{"footnotes":""},"class_list":["post-3377","page","type-page","status-publish","hentry"],"_links":{"self":[{"href":"https:\/\/www.agv-online.de\/wordpress\/wp-json\/wp\/v2\/pages\/3377","targetHints":{"allow":["GET"]}}],"collection":[{"href":"https:\/\/www.agv-online.de\/wordpress\/wp-json\/wp\/v2\/pages"}],"about":[{"href":"https:\/\/www.agv-online.de\/wordpress\/wp-json\/wp\/v2\/types\/page"}],"author":[{"embeddable":true,"href":"https:\/\/www.agv-online.de\/wordpress\/wp-json\/wp\/v2\/users\/1"}],"replies":[{"embeddable":true,"href":"https:\/\/www.agv-online.de\/wordpress\/wp-json\/wp\/v2\/comments?post=3377"}],"version-history":[{"count":23,"href":"https:\/\/www.agv-online.de\/wordpress\/wp-json\/wp\/v2\/pages\/3377\/revisions"}],"predecessor-version":[{"id":4421,"href":"https:\/\/www.agv-online.de\/wordpress\/wp-json\/wp\/v2\/pages\/3377\/revisions\/4421"}],"up":[{"embeddable":true,"href":"https:\/\/www.agv-online.de\/wordpress\/wp-json\/wp\/v2\/pages\/1167"}],"wp:attachment":[{"href":"https:\/\/www.agv-online.de\/wordpress\/wp-json\/wp\/v2\/media?parent=3377"}],"curies":[{"name":"wp","href":"https:\/\/api.w.org\/{rel}","templated":true}]}}