{"id":3309,"date":"2020-10-23T13:00:01","date_gmt":"2020-10-23T11:00:01","guid":{"rendered":"https:\/\/www.agv-online.de\/wordpress\/?page_id=3309"},"modified":"2026-03-26T11:51:23","modified_gmt":"2026-03-26T10:51:23","slug":"impressum","status":"publish","type":"page","link":"https:\/\/www.agv-online.de\/wordpress\/impressum\/","title":{"rendered":"Impressum"},"content":{"rendered":"\n<style type=\"text\/css\" data-created_by=\"avia_inline_auto\" id=\"style-css-av-khnxyzm0-45d10ac42093bbfd4a762c725bba7723\">\n.avia-section.av-khnxyzm0-45d10ac42093bbfd4a762c725bba7723{\nbackground-color:#3088c4;\nbackground-image:unset;\nmargin-top:20px;\nmargin-bottom:0px;\n}\n<\/style>\n<div id='av_section_1'  class='avia-section av-khnxyzm0-45d10ac42093bbfd4a762c725bba7723 main_color avia-section-default avia-no-border-styling  avia-builder-el-0  el_before_av_one_full  avia-builder-el-first  avia-bg-style-scroll container_wrap fullsize'  ><div class='container av-section-cont-open' ><main  role=\"main\" itemprop=\"mainContentOfPage\"  class='template-page content  av-content-full alpha units'><div class='post-entry post-entry-type-page post-entry-3309'><div class='entry-content-wrapper clearfix'>\n\n<style type=\"text\/css\" data-created_by=\"avia_inline_auto\" id=\"style-css-av-klawtq6m-70d1c99800a4ba4655ace605f0092da1\">\n#top .av-special-heading.av-klawtq6m-70d1c99800a4ba4655ace605f0092da1{\npadding-bottom:10px;\ncolor:#ffffff;\n}\nbody .av-special-heading.av-klawtq6m-70d1c99800a4ba4655ace605f0092da1 .av-special-heading-tag .heading-char{\nfont-size:25px;\n}\n.av-special-heading.av-klawtq6m-70d1c99800a4ba4655ace605f0092da1 .special-heading-inner-border{\nborder-color:#ffffff;\n}\n.av-special-heading.av-klawtq6m-70d1c99800a4ba4655ace605f0092da1 .av-subheading{\nfont-size:15px;\n}\n<\/style>\n<div  class='av-special-heading av-klawtq6m-70d1c99800a4ba4655ace605f0092da1 av-special-heading-h1 custom-color-heading  avia-builder-el-1  avia-builder-el-no-sibling '><h1 class='av-special-heading-tag '  itemprop=\"headline\"  >Impressum<\/h1><div class=\"special-heading-border\"><div class=\"special-heading-inner-border\"><\/div><\/div><\/div>\n<\/div><\/div><\/main><!-- close content main element --><\/div><\/div><div id='after_section_1'  class='main_color av_default_container_wrap container_wrap fullsize'  ><div class='container av-section-cont-open' ><div class='template-page content  av-content-full alpha units'><div class='post-entry post-entry-type-page post-entry-3309'><div class='entry-content-wrapper clearfix'>\n\n<style type=\"text\/css\" data-created_by=\"avia_inline_auto\" id=\"style-css-av-3na5ed-9cc4a7b37211f0e289142b249d28a575\">\n.flex_column.av-3na5ed-9cc4a7b37211f0e289142b249d28a575{\nborder-radius:0px 0px 0px 0px;\npadding:0px 0px 0px 0px;\n}\n<\/style>\n<div  class='flex_column av-3na5ed-9cc4a7b37211f0e289142b249d28a575 av_one_full  avia-builder-el-2  el_after_av_section  avia-builder-el-no-sibling  first flex_column_div av-zero-column-padding  '     ><section  class='av_textblock_section av-2ze0w5-13057aa0e600e2e129a0766d55a61811 '   itemscope=\"itemscope\" itemtype=\"https:\/\/schema.org\/CreativeWork\" ><div class='avia_textblock'  itemprop=\"text\" ><p><strong>Vereinsname<\/strong><\/p>\n<p>Arbeitgeberverband der Deutschen Immobilienwirtschaft e.V.<\/p>\n<p><strong>Anschrift<\/strong><\/p>\n<p>Peter-M\u00fcller-Str. 16<br \/>\n40468 D\u00fcsseldorf<\/p>\n<p><strong>Kontakt<\/strong><\/p>\n<p>Telefon: <a href=\"tel:0211961350\">0211 961350<\/a><br \/>\nTelefax: 0211 96135-19<br \/>\nE-Mail: <a href=\"mailto:kontakt@agv-online.de\">kontakt@agv-online.de<\/a><\/p>\n<p><strong>Register<\/strong><\/p>\n<p>Vereinsregister: D\u00fcsseldorf<br \/>\nRegisternummer: 8031<\/p>\n<p><strong>Gesetzlicher Vertreter<\/strong><\/p>\n<p>Olaf Rabsilber<\/p>\n<p><strong>Gesch\u00e4ftsf\u00fchrung<\/strong><\/p>\n<p>Patricia Will, Rechtsanw\u00e4ltin (Syndikusrechtsanw\u00e4ltin)<\/p>\n<p><strong>Website<\/strong><\/p>\n<p>Verantwortlicher: Harald Cadsky<\/p>\n<p><strong>Impressum gem\u00e4\u00df \u00a710 Teledienstegesetz (TDG)<\/strong><\/p>\n<p>Verantwortlich als Diensteanbieter im Sinnes des Presserechts und des \u00a710 des Mediendienste &#8211; Staatsvertrages (MDStV): Arbeitgeberverband der Deutschen Immobilienwirtschaft e.V.<\/p>\n<p><strong>Links auf externe Seiten:<\/strong><\/p>\n<p>Die Inhalte externer Links werden von uns nicht gepr\u00fcft. Sie unterliegen der Haftung der jeweiligen Diensteanbieters.<\/p>\n<p><strong>Unverbindlichkeit der Informationen<\/strong><\/p>\n<p>Die Inhalte dieses Internetauftritts (Website) sind sorgf\u00e4ltig recherchiert und aufbereitet. Wir k\u00f6nnen jedoch als Anbieter keine Haftung f\u00fcr die Richtigkeit, Vollst\u00e4ndigkeit und Aktualit\u00e4t der bereitgestellten Informationen \u00fcbernehmen. Die einzelnen Beitr\u00e4ge repr\u00e4sentieren die Meinung des jeweiligen Autors.<\/p>\n<p><strong>Hinweis auf Urheberrechte<\/strong><\/p>\n<p>Alle auf dieser Internetseite ver\u00f6ffentlichten Informationen und Abbildungen sind urheberrechtlich gesch\u00fctzt. Jede vom Urheberrechtsgesetz nicht zugelassene Verwertung bedarf vorheriger schriftlicher Zustimmung des Arbeitgeberverband der Deutschen Immobilienwirtschaft e.V..<\/p>\n<p><strong>Copyright:<\/strong><\/p>\n<p>All materials contained on this website are protected by German copyright law. It may not be reproduced, distributed, displayed, transmitted,published or broadcasted without the prior written permission of Arbeitgeberverband der Deutschen Immobilienwirtschaft e.V.<\/p>\n<p><strong>E-Mail-Kommunikation<\/strong><\/p>\n<p>Kommunikation via E-Mail kann aufgrund der technischen Eigenschaften des Internet Sicherheitsl\u00fccken aufweisen. Sofern Sie mit uns als Diensteanbieter \u00fcber E-Mail Kontakt aufnehmen, gehen wir davon aus, dass eine Beantwortung per E-Mail erfolgen kann, sofern Sie dieser Kommunikationsform nicht ausdr\u00fccklich widersprechen.<\/p>\n<\/div><\/section><\/div>\n","protected":false},"excerpt":{"rendered":"","protected":false},"author":1,"featured_media":0,"parent":0,"menu_order":0,"comment_status":"closed","ping_status":"closed","template":"","meta":{"footnotes":""},"class_list":["post-3309","page","type-page","status-publish","hentry"],"_links":{"self":[{"href":"https:\/\/www.agv-online.de\/wordpress\/wp-json\/wp\/v2\/pages\/3309","targetHints":{"allow":["GET"]}}],"collection":[{"href":"https:\/\/www.agv-online.de\/wordpress\/wp-json\/wp\/v2\/pages"}],"about":[{"href":"https:\/\/www.agv-online.de\/wordpress\/wp-json\/wp\/v2\/types\/page"}],"author":[{"embeddable":true,"href":"https:\/\/www.agv-online.de\/wordpress\/wp-json\/wp\/v2\/users\/1"}],"replies":[{"embeddable":true,"href":"https:\/\/www.agv-online.de\/wordpress\/wp-json\/wp\/v2\/comments?post=3309"}],"version-history":[{"count":9,"href":"https:\/\/www.agv-online.de\/wordpress\/wp-json\/wp\/v2\/pages\/3309\/revisions"}],"predecessor-version":[{"id":7867,"href":"https:\/\/www.agv-online.de\/wordpress\/wp-json\/wp\/v2\/pages\/3309\/revisions\/7867"}],"wp:attachment":[{"href":"https:\/\/www.agv-online.de\/wordpress\/wp-json\/wp\/v2\/media?parent=3309"}],"curies":[{"name":"wp","href":"https:\/\/api.w.org\/{rel}","templated":true}]}}