{"id":3258,"date":"2020-10-23T08:40:07","date_gmt":"2020-10-23T06:40:07","guid":{"rendered":"https:\/\/www.agv-online.de\/wordpress\/?page_id=3258"},"modified":"2021-03-25T09:06:47","modified_gmt":"2021-03-25T08:06:47","slug":"dienstleistungen","status":"publish","type":"page","link":"https:\/\/www.agv-online.de\/wordpress\/dienstleistungen\/","title":{"rendered":"Dienstleistungen"},"content":{"rendered":"<div id='full_slider_1'  class='avia-fullwidth-slider main_color avia-shadow   avia-builder-el-0  el_before_av_section  avia-builder-el-first   container_wrap fullsize'  ><div  class='avia-slideshow av-kgluijzq-2b75a20c3149e429e5905838107ada4c avia-slideshow-no scaling av_slideshow_full avia-fade-slider av-slideshow-ui av-control-hidden av-no-slider-navigation av-hide-nav-arrows av-slideshow-autoplay av-loop-endless av-loop-manual-endless av-default-height-applied   avia-slideshow-1' data-slideshow-options=\"{&quot;animation&quot;:&quot;fade&quot;,&quot;autoplay&quot;:true,&quot;loop_autoplay&quot;:&quot;endless&quot;,&quot;interval&quot;:5,&quot;loop_manual&quot;:&quot;manual-endless&quot;,&quot;autoplay_stopper&quot;:false,&quot;noNavigation&quot;:true,&quot;bg_slider&quot;:false,&quot;keep_padding&quot;:false,&quot;hoverpause&quot;:false,&quot;show_slide_delay&quot;:0}\"  itemprop=\"image\" itemscope=\"itemscope\" itemtype=\"https:\/\/schema.org\/ImageObject\" ><ul class='avia-slideshow-inner ' style='padding-bottom: 21.25%;'><li  class='avia-slideshow-slide av-kgluijzq-2b75a20c3149e429e5905838107ada4c__0  av-single-slide slide-1 slide-odd'><div data-rel='slideshow-1' class='avia-slide-wrap '   ><img decoding=\"async\" fetchpriority=\"high\" class=\"wp-image-3254 avia-img-lazy-loading-not-3254\"  src=\"https:\/\/www.agv-online.de\/wordpress\/wp-content\/uploads\/Titelbild-Verband.jpg\" width=\"1920\" height=\"408\" title='Titelbild-Verband' alt=''  itemprop=\"thumbnailUrl\" srcset=\"https:\/\/www.agv-online.de\/wordpress\/wp-content\/uploads\/Titelbild-Verband.jpg 1920w, https:\/\/www.agv-online.de\/wordpress\/wp-content\/uploads\/Titelbild-Verband-300x64.jpg 300w, https:\/\/www.agv-online.de\/wordpress\/wp-content\/uploads\/Titelbild-Verband-1030x219.jpg 1030w, https:\/\/www.agv-online.de\/wordpress\/wp-content\/uploads\/Titelbild-Verband-768x163.jpg 768w, https:\/\/www.agv-online.de\/wordpress\/wp-content\/uploads\/Titelbild-Verband-1536x326.jpg 1536w, https:\/\/www.agv-online.de\/wordpress\/wp-content\/uploads\/Titelbild-Verband-1500x319.jpg 1500w, https:\/\/www.agv-online.de\/wordpress\/wp-content\/uploads\/Titelbild-Verband-705x150.jpg 705w\" sizes=\"(max-width: 1920px) 100vw, 1920px\" \/><\/div><\/li><\/ul><\/div><\/div>\n\n<style type=\"text\/css\" data-created_by=\"avia_inline_auto\" id=\"style-css-av-khnxyzm0-45d10ac42093bbfd4a762c725bba7723\">\n.avia-section.av-khnxyzm0-45d10ac42093bbfd4a762c725bba7723{\nbackground-color:#3088c4;\nbackground-image:unset;\nmargin-top:20px;\nmargin-bottom:0px;\n}\n<\/style>\n<div id='av_section_1'  class='avia-section av-khnxyzm0-45d10ac42093bbfd4a762c725bba7723 main_color avia-section-default avia-no-border-styling  avia-builder-el-1  el_after_av_slideshow_full  el_before_av_one_full  avia-bg-style-scroll container_wrap fullsize'  ><div class='container av-section-cont-open' ><div class='template-page content  av-content-full alpha units'><div class='post-entry post-entry-type-page post-entry-3258'><div class='entry-content-wrapper clearfix'>\n\n<style type=\"text\/css\" data-created_by=\"avia_inline_auto\" id=\"style-css-av-kih5h7gy-5c91a0377257ae7ea86c2430137cb9c9\">\n#top .av-special-heading.av-kih5h7gy-5c91a0377257ae7ea86c2430137cb9c9{\npadding-bottom:10px;\ncolor:#ffffff;\n}\nbody .av-special-heading.av-kih5h7gy-5c91a0377257ae7ea86c2430137cb9c9 .av-special-heading-tag .heading-char{\nfont-size:25px;\n}\n.av-special-heading.av-kih5h7gy-5c91a0377257ae7ea86c2430137cb9c9 .special-heading-inner-border{\nborder-color:#ffffff;\n}\n.av-special-heading.av-kih5h7gy-5c91a0377257ae7ea86c2430137cb9c9 .av-subheading{\nfont-size:15px;\n}\n<\/style>\n<div  class='av-special-heading av-kih5h7gy-5c91a0377257ae7ea86c2430137cb9c9 av-special-heading-h1 custom-color-heading  avia-builder-el-2  avia-builder-el-no-sibling '><h1 class='av-special-heading-tag '  itemprop=\"headline\"  >Dienstleistungen<\/h1><div class=\"special-heading-border\"><div class=\"special-heading-inner-border\"><\/div><\/div><\/div>\n<\/div><\/div><\/div><!-- close content main div --><\/div><\/div><div id='after_section_1'  class='main_color av_default_container_wrap container_wrap fullsize'  ><div class='container av-section-cont-open' ><div class='template-page content  av-content-full alpha units'><div class='post-entry post-entry-type-page post-entry-3258'><div class='entry-content-wrapper clearfix'>\n\n<style type=\"text\/css\" data-created_by=\"avia_inline_auto\" id=\"style-css-av-3na5ed-9cc4a7b37211f0e289142b249d28a575\">\n.flex_column.av-3na5ed-9cc4a7b37211f0e289142b249d28a575{\nborder-radius:0px 0px 0px 0px;\npadding:0px 0px 0px 0px;\n}\n<\/style>\n<div  class='flex_column av-3na5ed-9cc4a7b37211f0e289142b249d28a575 av_one_full  avia-builder-el-3  el_after_av_section  el_before_av_one_fourth  avia-builder-el-first  first flex_column_div av-zero-column-padding  '     ><section  class='av_textblock_section av-2ze0w5-392b2dc970300ab0a90a6ddc452f158b '   itemscope=\"itemscope\" itemtype=\"https:\/\/schema.org\/CreativeWork\" ><div class='avia_textblock'  itemprop=\"text\" ><p>Arbeitsrecht und Tarifrecht sind kompliziert und der st\u00e4ndigen Weiterentwicklung durch Gesetzgebung und Rechtsprechung unterworfen. Wir unterst\u00fctzen Sie mit unserem Wissen und unserer Erfahrung bei der Umsetzung in der Personalarbeit.<\/p>\n<\/div><\/section><\/div>\n<div class='flex_column_table av-5hn4ht-a69d89504cd6e784a788fbcf9a113f40 sc-av_one_fourth av-equal-height-column-flextable'>\n<style type=\"text\/css\" data-created_by=\"avia_inline_auto\" id=\"style-css-av-5hn4ht-a69d89504cd6e784a788fbcf9a113f40\">\n#top .flex_column_table.av-equal-height-column-flextable.av-5hn4ht-a69d89504cd6e784a788fbcf9a113f40{\nmargin-top:0px;\nmargin-bottom:0px;\n}\n.flex_column.av-5hn4ht-a69d89504cd6e784a788fbcf9a113f40{\nborder-width:5px;\nborder-color:#ffffff;\nborder-style:solid;\nborder-radius:0px 0px 0px 0px;\npadding:20px 20px 20px 20px;\nbackground-color:#fcfcfc;\n}\n<\/style>\n<div  class='flex_column av-5hn4ht-a69d89504cd6e784a788fbcf9a113f40 av_one_fourth  avia-builder-el-5  el_after_av_one_full  el_before_av_one_fourth  first no_margin flex_column_table_cell av-equal-height-column av-align-top  column-top-margin'     ><br \/>\n\n<style type=\"text\/css\" data-created_by=\"avia_inline_auto\" id=\"style-css-av-kgm4cl0t-56e72aadf93b45add0ac5e07957bbb6b\">\n#top .av_textblock_section.av-kgm4cl0t-56e72aadf93b45add0ac5e07957bbb6b .avia_textblock{\nfont-size:12px;\n}\n<\/style>\n<section  class='av_textblock_section av-kgm4cl0t-56e72aadf93b45add0ac5e07957bbb6b '   itemscope=\"itemscope\" itemtype=\"https:\/\/schema.org\/CreativeWork\" ><div class='avia_textblock av_inherit_color'  itemprop=\"text\" ><p style=\"text-align: justify;\">Eine unserer Kernaufgaben ist der Abschluss von Tarifvertr\u00e4gen f\u00fcr die Unternehmen der Wohnungs- und Immobilienwirtschaft.<\/p>\n<\/div><\/section><\/p><\/div>\n<style type=\"text\/css\" data-created_by=\"avia_inline_auto\" id=\"style-css-av-5hn4ht-972d27a259b15940da0fc440658d9056\">\n#top .flex_column_table.av-equal-height-column-flextable.av-5hn4ht-972d27a259b15940da0fc440658d9056{\nmargin-top:0px;\nmargin-bottom:0px;\n}\n.flex_column.av-5hn4ht-972d27a259b15940da0fc440658d9056{\nborder-width:5px;\nborder-color:#ffffff;\nborder-style:solid;\nborder-radius:0px 0px 0px 0px;\npadding:20px 20px 20px 20px;\nbackground-color:#fcfcfc;\n}\n<\/style>\n<div  class='flex_column av-5hn4ht-972d27a259b15940da0fc440658d9056 av_one_fourth  avia-builder-el-8  el_after_av_one_fourth  el_before_av_one_fourth  no_margin flex_column_table_cell av-equal-height-column av-align-top  column-top-margin'     ><br \/>\n\n<style type=\"text\/css\" data-created_by=\"avia_inline_auto\" id=\"style-css-av-kgm4cl0t-56e72aadf93b45add0ac5e07957bbb6b\">\n#top .av_textblock_section.av-kgm4cl0t-56e72aadf93b45add0ac5e07957bbb6b .avia_textblock{\nfont-size:12px;\n}\n<\/style>\n<section  class='av_textblock_section av-kgm4cl0t-56e72aadf93b45add0ac5e07957bbb6b '   itemscope=\"itemscope\" itemtype=\"https:\/\/schema.org\/CreativeWork\" ><div class='avia_textblock av_inherit_color'  itemprop=\"text\" ><p style=\"text-align: justify;\">Wir beraten unser Mitgliedsunternehmen in tarif-, arbeits- und sozialrechtlichen Fragen sowie zu personalrechtlichen Themen.<\/p>\n<\/div><\/section><\/p><\/div>\n<style type=\"text\/css\" data-created_by=\"avia_inline_auto\" id=\"style-css-av-5hn4ht-972d27a259b15940da0fc440658d9056\">\n#top .flex_column_table.av-equal-height-column-flextable.av-5hn4ht-972d27a259b15940da0fc440658d9056{\nmargin-top:0px;\nmargin-bottom:0px;\n}\n.flex_column.av-5hn4ht-972d27a259b15940da0fc440658d9056{\nborder-width:5px;\nborder-color:#ffffff;\nborder-style:solid;\nborder-radius:0px 0px 0px 0px;\npadding:20px 20px 20px 20px;\nbackground-color:#fcfcfc;\n}\n<\/style>\n<div  class='flex_column av-5hn4ht-972d27a259b15940da0fc440658d9056 av_one_fourth  avia-builder-el-11  el_after_av_one_fourth  el_before_av_one_fourth  no_margin flex_column_table_cell av-equal-height-column av-align-top  column-top-margin'     ><br \/>\n\n<style type=\"text\/css\" data-created_by=\"avia_inline_auto\" id=\"style-css-av-kgm4cl0t-56e72aadf93b45add0ac5e07957bbb6b\">\n#top .av_textblock_section.av-kgm4cl0t-56e72aadf93b45add0ac5e07957bbb6b .avia_textblock{\nfont-size:12px;\n}\n<\/style>\n<section  class='av_textblock_section av-kgm4cl0t-56e72aadf93b45add0ac5e07957bbb6b '   itemscope=\"itemscope\" itemtype=\"https:\/\/schema.org\/CreativeWork\" ><div class='avia_textblock av_inherit_color'  itemprop=\"text\" ><p style=\"text-align: justify;\">Wir bieten Prozessvertretung in arbeits- und sozialgerichtlichen Streitigkeiten.<\/p>\n<\/div><\/section><\/p><\/div>\n<style type=\"text\/css\" data-created_by=\"avia_inline_auto\" id=\"style-css-av-5hn4ht-972d27a259b15940da0fc440658d9056\">\n#top .flex_column_table.av-equal-height-column-flextable.av-5hn4ht-972d27a259b15940da0fc440658d9056{\nmargin-top:0px;\nmargin-bottom:0px;\n}\n.flex_column.av-5hn4ht-972d27a259b15940da0fc440658d9056{\nborder-width:5px;\nborder-color:#ffffff;\nborder-style:solid;\nborder-radius:0px 0px 0px 0px;\npadding:20px 20px 20px 20px;\nbackground-color:#fcfcfc;\n}\n<\/style>\n<div  class='flex_column av-5hn4ht-972d27a259b15940da0fc440658d9056 av_one_fourth  avia-builder-el-14  el_after_av_one_fourth  el_before_av_one_fourth  no_margin flex_column_table_cell av-equal-height-column av-align-top  column-top-margin'     ><br \/>\n\n<style type=\"text\/css\" data-created_by=\"avia_inline_auto\" id=\"style-css-av-kgm4cl0t-56e72aadf93b45add0ac5e07957bbb6b\">\n#top .av_textblock_section.av-kgm4cl0t-56e72aadf93b45add0ac5e07957bbb6b .avia_textblock{\nfont-size:12px;\n}\n<\/style>\n<section  class='av_textblock_section av-kgm4cl0t-56e72aadf93b45add0ac5e07957bbb6b '   itemscope=\"itemscope\" itemtype=\"https:\/\/schema.org\/CreativeWork\" ><div class='avia_textblock av_inherit_color'  itemprop=\"text\" ><p style=\"text-align: justify;\">Regelm\u00e4\u00dfige Seminarveranstaltungen zu tarif-, arbeits- und sozialrechtlichen Themen<\/p>\n<\/div><\/section><\/p><\/div><\/div><!--close column table wrapper. Autoclose: 1 --><div class='flex_column_table av-5hn4ht-a69d89504cd6e784a788fbcf9a113f40 sc-av_one_fourth av-equal-height-column-flextable'>\n<style type=\"text\/css\" data-created_by=\"avia_inline_auto\" id=\"style-css-av-5hn4ht-a69d89504cd6e784a788fbcf9a113f40\">\n#top .flex_column_table.av-equal-height-column-flextable.av-5hn4ht-a69d89504cd6e784a788fbcf9a113f40{\nmargin-top:0px;\nmargin-bottom:0px;\n}\n.flex_column.av-5hn4ht-a69d89504cd6e784a788fbcf9a113f40{\nborder-width:5px;\nborder-color:#ffffff;\nborder-style:solid;\nborder-radius:0px 0px 0px 0px;\npadding:20px 20px 20px 20px;\nbackground-color:#fcfcfc;\n}\n<\/style>\n<div  class='flex_column av-5hn4ht-a69d89504cd6e784a788fbcf9a113f40 av_one_fourth  avia-builder-el-17  el_after_av_one_fourth  el_before_av_one_fourth  first no_margin flex_column_table_cell av-equal-height-column av-align-top  column-top-margin'     ><br \/>\n\n<style type=\"text\/css\" data-created_by=\"avia_inline_auto\" id=\"style-css-av-kgm4cl0t-56e72aadf93b45add0ac5e07957bbb6b\">\n#top .av_textblock_section.av-kgm4cl0t-56e72aadf93b45add0ac5e07957bbb6b .avia_textblock{\nfont-size:12px;\n}\n<\/style>\n<section  class='av_textblock_section av-kgm4cl0t-56e72aadf93b45add0ac5e07957bbb6b '   itemscope=\"itemscope\" itemtype=\"https:\/\/schema.org\/CreativeWork\" ><div class='avia_textblock av_inherit_color'  itemprop=\"text\" ><p style=\"text-align: justify;\">Regelm\u00e4\u00dfig erscheinende Rundschreiben \u00fcber aktuelle Entwicklungen in der Tarifpolitik, den Gremien des Arbeitgeberverbandes sowie in der Gesetzgebung und Rechtssprechung.<\/p>\n<\/div><\/section><\/p><\/div>\n<style type=\"text\/css\" data-created_by=\"avia_inline_auto\" id=\"style-css-av-5hn4ht-972d27a259b15940da0fc440658d9056\">\n#top .flex_column_table.av-equal-height-column-flextable.av-5hn4ht-972d27a259b15940da0fc440658d9056{\nmargin-top:0px;\nmargin-bottom:0px;\n}\n.flex_column.av-5hn4ht-972d27a259b15940da0fc440658d9056{\nborder-width:5px;\nborder-color:#ffffff;\nborder-style:solid;\nborder-radius:0px 0px 0px 0px;\npadding:20px 20px 20px 20px;\nbackground-color:#fcfcfc;\n}\n<\/style>\n<div  class='flex_column av-5hn4ht-972d27a259b15940da0fc440658d9056 av_one_fourth  avia-builder-el-20  el_after_av_one_fourth  el_before_av_one_fourth  no_margin flex_column_table_cell av-equal-height-column av-align-top  column-top-margin'     ><br \/>\n\n<style type=\"text\/css\" data-created_by=\"avia_inline_auto\" id=\"style-css-av-kgm4cl0t-56e72aadf93b45add0ac5e07957bbb6b\">\n#top .av_textblock_section.av-kgm4cl0t-56e72aadf93b45add0ac5e07957bbb6b .avia_textblock{\nfont-size:12px;\n}\n<\/style>\n<section  class='av_textblock_section av-kgm4cl0t-56e72aadf93b45add0ac5e07957bbb6b '   itemscope=\"itemscope\" itemtype=\"https:\/\/schema.org\/CreativeWork\" ><div class='avia_textblock av_inherit_color'  itemprop=\"text\" ><p style=\"text-align: justify;\">F\u00fcr die praktische Personalarbeit stellen wir unseren Mitgliedsunternehmen Musterfor- mulare f\u00fcr die Personalarbeit Arbeitsvertr\u00e4ge, Betriebsvereinbarungen, Checklisten usw. zur Verf\u00fcgung.<\/p>\n<\/div><\/section><\/p><\/div>\n<style type=\"text\/css\" data-created_by=\"avia_inline_auto\" id=\"style-css-av-5hn4ht-972d27a259b15940da0fc440658d9056\">\n#top .flex_column_table.av-equal-height-column-flextable.av-5hn4ht-972d27a259b15940da0fc440658d9056{\nmargin-top:0px;\nmargin-bottom:0px;\n}\n.flex_column.av-5hn4ht-972d27a259b15940da0fc440658d9056{\nborder-width:5px;\nborder-color:#ffffff;\nborder-style:solid;\nborder-radius:0px 0px 0px 0px;\npadding:20px 20px 20px 20px;\nbackground-color:#fcfcfc;\n}\n<\/style>\n<div  class='flex_column av-5hn4ht-972d27a259b15940da0fc440658d9056 av_one_fourth  avia-builder-el-23  el_after_av_one_fourth  el_before_av_one_fourth  no_margin flex_column_table_cell av-equal-height-column av-align-top  column-top-margin'     ><br \/>\n\n<style type=\"text\/css\" data-created_by=\"avia_inline_auto\" id=\"style-css-av-kgm4cl0t-56e72aadf93b45add0ac5e07957bbb6b\">\n#top .av_textblock_section.av-kgm4cl0t-56e72aadf93b45add0ac5e07957bbb6b .avia_textblock{\nfont-size:12px;\n}\n<\/style>\n<section  class='av_textblock_section av-kgm4cl0t-56e72aadf93b45add0ac5e07957bbb6b '   itemscope=\"itemscope\" itemtype=\"https:\/\/schema.org\/CreativeWork\" ><div class='avia_textblock av_inherit_color'  itemprop=\"text\" ><p style=\"text-align: justify;\">Unsere Leitf\u00e4den verschaffen einen schnellen, praxisorientieren \u00dcberblick zu speziellen Themen.<\/p>\n<\/div><\/section><\/p><\/div>\n<style type=\"text\/css\" data-created_by=\"avia_inline_auto\" id=\"style-css-av-5hn4ht-972d27a259b15940da0fc440658d9056\">\n#top .flex_column_table.av-equal-height-column-flextable.av-5hn4ht-972d27a259b15940da0fc440658d9056{\nmargin-top:0px;\nmargin-bottom:0px;\n}\n.flex_column.av-5hn4ht-972d27a259b15940da0fc440658d9056{\nborder-width:5px;\nborder-color:#ffffff;\nborder-style:solid;\nborder-radius:0px 0px 0px 0px;\npadding:20px 20px 20px 20px;\nbackground-color:#fcfcfc;\n}\n<\/style>\n<div  class='flex_column av-5hn4ht-972d27a259b15940da0fc440658d9056 av_one_fourth  avia-builder-el-26  el_after_av_one_fourth  avia-builder-el-last  no_margin flex_column_table_cell av-equal-height-column av-align-top  column-top-margin'     ><br \/>\n\n<style type=\"text\/css\" data-created_by=\"avia_inline_auto\" id=\"style-css-av-kgm4cl0t-56e72aadf93b45add0ac5e07957bbb6b\">\n#top .av_textblock_section.av-kgm4cl0t-56e72aadf93b45add0ac5e07957bbb6b .avia_textblock{\nfont-size:12px;\n}\n<\/style>\n<section  class='av_textblock_section av-kgm4cl0t-56e72aadf93b45add0ac5e07957bbb6b '   itemscope=\"itemscope\" itemtype=\"https:\/\/schema.org\/CreativeWork\" ><div class='avia_textblock av_inherit_color'  itemprop=\"text\" ><p style=\"text-align: justify;\">Unternehmen, die im Rahmen der Ausbildung herausragende Leistungen erbringen, verleihen wir das Siegel &#8222;Ausbildung in Bestform&#8220;.<\/p>\n<\/div><\/section><\/p><\/div><\/div><!--close column table wrapper. Autoclose: 1 --><\/p>\n","protected":false},"excerpt":{"rendered":"","protected":false},"author":1,"featured_media":0,"parent":0,"menu_order":0,"comment_status":"closed","ping_status":"closed","template":"","meta":{"footnotes":""},"class_list":["post-3258","page","type-page","status-publish","hentry"],"_links":{"self":[{"href":"https:\/\/www.agv-online.de\/wordpress\/wp-json\/wp\/v2\/pages\/3258","targetHints":{"allow":["GET"]}}],"collection":[{"href":"https:\/\/www.agv-online.de\/wordpress\/wp-json\/wp\/v2\/pages"}],"about":[{"href":"https:\/\/www.agv-online.de\/wordpress\/wp-json\/wp\/v2\/types\/page"}],"author":[{"embeddable":true,"href":"https:\/\/www.agv-online.de\/wordpress\/wp-json\/wp\/v2\/users\/1"}],"replies":[{"embeddable":true,"href":"https:\/\/www.agv-online.de\/wordpress\/wp-json\/wp\/v2\/comments?post=3258"}],"version-history":[{"count":13,"href":"https:\/\/www.agv-online.de\/wordpress\/wp-json\/wp\/v2\/pages\/3258\/revisions"}],"predecessor-version":[{"id":7833,"href":"https:\/\/www.agv-online.de\/wordpress\/wp-json\/wp\/v2\/pages\/3258\/revisions\/7833"}],"wp:attachment":[{"href":"https:\/\/www.agv-online.de\/wordpress\/wp-json\/wp\/v2\/media?parent=3258"}],"curies":[{"name":"wp","href":"https:\/\/api.w.org\/{rel}","templated":true}]}}